{"id":271,"date":"2016-11-29T14:52:20","date_gmt":"2016-11-29T14:52:20","guid":{"rendered":"https:\/\/dev.dankov-themes.com\/universal\/?page_id=271"},"modified":"2023-10-24T16:19:44","modified_gmt":"2023-10-24T16:19:44","slug":"contact-us","status":"publish","type":"page","link":"https:\/\/ec-be.fr\/?page_id=271","title":{"rendered":"Contact"},"content":{"rendered":"<div class=\"wpb-content-wrapper\"><p>[vc_row css=\u00a0\u00bb.vc_custom_1692203572323{margin-top: 50px !important;}\u00a0\u00bb][vc_column][vc_row_inner css=\u00a0\u00bb.vc_custom_1479804800604{margin-top: 50px !important;}\u00a0\u00bb][vc_column_inner width=\u00a0\u00bb1\/2&Prime; offset=\u00a0\u00bbvc_col-lg-5 vc_col-md-6 vc_col-xs-12&Prime;]<div class=\"promo-block  \">\r\n            \t<h3>Contactez nous<\/h3>\r\n            \t<p><\/p>\r\n              <\/div>[vc_single_image image=\u00a0\u00bb2035&Prime; img_size=\u00a0\u00bblarge\u00a0\u00bb]<p>Nous sommes impatients de r\u00e9pondre \u00e0 vos questions, de discuter de vos projets et de vous fournir les informations n\u00e9cessaires pour entamer une collaboration fructueuse. N&#039;h\u00e9sitez pas \u00e0 nous contacter via les options ci-dessous, nous sommes l\u00e0 pour vous aider \u00e0 concr\u00e9tiser vos id\u00e9es de construction.<\/p><hr><h5><i class=\"fa fa-map-marker fa-fw fa-lg\"><\/i> 33 rue Navier \u2013 75 017 Paris \u2013 2eme \u00e9tage<\/h5><h5><i class=\"fa fa-envelope fa-fw fa-lg\"><\/i> <a href=\"mailto:contact@ec-be.fr\">contact@ec-be.fr<\/a><\/h5><h5><i class=\"fa fa-phone fa-fw fa-lg\"><\/i> <a href=\"tel:+33 (0)1 79 97 80 20\">+33 (0)1 79 97 80 20<\/a><\/h5>[\/vc_column_inner][vc_column_inner offset=\u00a0\u00bbvc_col-lg-offset-2 vc_col-lg-5 vc_col-md-6 vc_col-xs-12&Prime;]<div class=\"promo-block  \">\r\n            \t<h3>Envoyez nous un message<\/h3>\r\n            \t<p><\/p>\r\n              <\/div>\n<div class=\"wpcf7 no-js\" id=\"wpcf7-f1703-o1\" lang=\"fr-FR\" dir=\"ltr\" data-wpcf7-id=\"1703\">\n<div class=\"screen-reader-response\"><p role=\"status\" aria-live=\"polite\" aria-atomic=\"true\"><\/p> <ul><\/ul><\/div>\n<form action=\"\/index.php?rest_route=%2Fwp%2Fv2%2Fpages%2F271#wpcf7-f1703-o1\" method=\"post\" class=\"wpcf7-form init\" aria-label=\"Formulaire de contact\" novalidate=\"novalidate\" data-status=\"init\">\n<fieldset class=\"hidden-fields-container\"><input type=\"hidden\" name=\"_wpcf7\" value=\"1703\" \/><input type=\"hidden\" name=\"_wpcf7_version\" value=\"6.1.4\" \/><input type=\"hidden\" name=\"_wpcf7_locale\" value=\"fr_FR\" \/><input type=\"hidden\" name=\"_wpcf7_unit_tag\" value=\"wpcf7-f1703-o1\" \/><input type=\"hidden\" name=\"_wpcf7_container_post\" value=\"0\" \/><input type=\"hidden\" name=\"_wpcf7_posted_data_hash\" value=\"\" \/>\n<\/fieldset>\n<p><label> Votre nom<br \/>\n<span class=\"wpcf7-form-control-wrap\" data-name=\"your-name\"><input size=\"40\" maxlength=\"400\" class=\"wpcf7-form-control wpcf7-text wpcf7-validates-as-required\" autocomplete=\"name\" aria-required=\"true\" aria-invalid=\"false\" value=\"\" type=\"text\" name=\"your-name\" \/><\/span> <\/label>\n<\/p>\n<p><label> Votre emaill<br \/>\n<span class=\"wpcf7-form-control-wrap\" data-name=\"your-email\"><input size=\"40\" maxlength=\"400\" class=\"wpcf7-form-control wpcf7-email wpcf7-validates-as-required wpcf7-text wpcf7-validates-as-email\" autocomplete=\"email\" aria-required=\"true\" aria-invalid=\"false\" value=\"\" type=\"email\" name=\"your-email\" \/><\/span> <\/label>\n<\/p>\n<p><label> Votre sujet<br \/>\n<span class=\"wpcf7-form-control-wrap\" data-name=\"your-subject\"><input size=\"40\" maxlength=\"400\" class=\"wpcf7-form-control wpcf7-text wpcf7-validates-as-required\" aria-required=\"true\" aria-invalid=\"false\" value=\"\" type=\"text\" name=\"your-subject\" \/><\/span> <\/label>\n<\/p>\n<p><label> Votre message (optional)<br \/>\n<span class=\"wpcf7-form-control-wrap\" data-name=\"your-message\"><textarea cols=\"40\" rows=\"10\" maxlength=\"2000\" class=\"wpcf7-form-control wpcf7-textarea\" aria-invalid=\"false\" name=\"your-message\"><\/textarea><\/span> <\/label>\n<\/p>\n<p><input class=\"wpcf7-form-control wpcf7-submit has-spinner\" type=\"submit\" value=\"Envoyez\" \/>\n<\/p><p style=\"display: none !important;\" class=\"akismet-fields-container\" data-prefix=\"_wpcf7_ak_\"><label>&#916;<textarea name=\"_wpcf7_ak_hp_textarea\" cols=\"45\" rows=\"8\" maxlength=\"100\"><\/textarea><\/label><input type=\"hidden\" id=\"ak_js_1\" name=\"_wpcf7_ak_js\" value=\"42\"\/><script>document.getElementById( \"ak_js_1\" ).setAttribute( \"value\", ( new Date() ).getTime() );<\/script><\/p><div class=\"wpcf7-response-output\" aria-hidden=\"true\"><\/div>\n<\/form>\n<\/div>\n[\/vc_column_inner][\/vc_row_inner][\/vc_column][\/vc_row]<\/p>\n<\/div>","protected":false},"excerpt":{"rendered":"<p>[vc_row css=\u00a0\u00bb.vc_custom_1692203572323{margin-top: 50px !important;}\u00a0\u00bb][vc_column][vc_row_inner css=\u00a0\u00bb.vc_custom_1479804800604{margin-top: 50px !important;}\u00a0\u00bb][vc_column_inner width=\u00a0\u00bb1\/2&Prime; offset=\u00a0\u00bbvc_col-lg-5 vc_col-md-6 vc_col-xs-12&Prime;][vc_single_image image=\u00a0\u00bb2035&Prime; img_size=\u00a0\u00bblarge\u00a0\u00bb][\/vc_column_inner][vc_column_inner offset=\u00a0\u00bbvc_col-lg-offset-2 vc_col-lg-5 vc_col-md-6 vc_col-xs-12&Prime;][\/vc_column_inner][\/vc_row_inner][\/vc_column][\/vc_row]<\/p>\n","protected":false},"author":1,"featured_media":1917,"parent":0,"menu_order":0,"comment_status":"closed","ping_status":"closed","template":"visual-composer.php","meta":{"footnotes":""},"class_list":["post-271","page","type-page","status-publish","has-post-thumbnail","hentry"],"yoast_head":"<!-- This site is optimized with the Yoast SEO plugin v26.9 - https:\/\/yoast.com\/product\/yoast-seo-wordpress\/ -->\n<title>Contact - Cabinet ec-be<\/title>\n<meta name=\"robots\" content=\"index, follow, max-snippet:-1, max-image-preview:large, max-video-preview:-1\" \/>\n<link rel=\"canonical\" href=\"https:\/\/ec-be.fr\/?page_id=271\" \/>\n<meta property=\"og:locale\" content=\"fr_FR\" \/>\n<meta property=\"og:type\" content=\"article\" \/>\n<meta property=\"og:title\" content=\"Contact - Cabinet ec-be\" \/>\n<meta property=\"og:description\" content=\"[vc_row css=\u00a0\u00bb.vc_custom_1692203572323{margin-top: 50px !important;}\u00a0\u00bb][vc_column][vc_row_inner css=\u00a0\u00bb.vc_custom_1479804800604{margin-top: 50px !important;}\u00a0\u00bb][vc_column_inner width=\u00a0\u00bb1\/2&Prime; offset=\u00a0\u00bbvc_col-lg-5 vc_col-md-6 vc_col-xs-12&Prime;][vc_single_image image=\u00a0\u00bb2035&Prime; img_size=\u00a0\u00bblarge\u00a0\u00bb][\/vc_column_inner][vc_column_inner offset=\u00a0\u00bbvc_col-lg-offset-2 vc_col-lg-5 vc_col-md-6 vc_col-xs-12&Prime;][\/vc_column_inner][\/vc_row_inner][\/vc_column][\/vc_row]\" \/>\n<meta property=\"og:url\" content=\"https:\/\/ec-be.fr\/?page_id=271\" \/>\n<meta property=\"og:site_name\" content=\"Cabinet ec-be\" \/>\n<meta property=\"article:modified_time\" content=\"2023-10-24T16:19:44+00:00\" \/>\n<meta property=\"og:image\" content=\"https:\/\/ec-be.fr\/wp-content\/uploads\/2023\/08\/Contact-EC-BE.jpg\" \/>\n\t<meta property=\"og:image:width\" content=\"1032\" \/>\n\t<meta property=\"og:image:height\" content=\"688\" \/>\n\t<meta property=\"og:image:type\" content=\"image\/jpeg\" \/>\n<meta name=\"twitter:card\" content=\"summary_large_image\" \/>\n<meta name=\"twitter:label1\" content=\"Dur\u00e9e de lecture estim\u00e9e\" \/>\n\t<meta name=\"twitter:data1\" content=\"1 minute\" \/>\n<script type=\"application\/ld+json\" class=\"yoast-schema-graph\">{\"@context\":\"https:\/\/schema.org\",\"@graph\":[{\"@type\":\"WebPage\",\"@id\":\"https:\/\/ec-be.fr\/?page_id=271\",\"url\":\"https:\/\/ec-be.fr\/?page_id=271\",\"name\":\"Contact - Cabinet ec-be\",\"isPartOf\":{\"@id\":\"https:\/\/ec-be.fr\/#website\"},\"primaryImageOfPage\":{\"@id\":\"https:\/\/ec-be.fr\/?page_id=271#primaryimage\"},\"image\":{\"@id\":\"https:\/\/ec-be.fr\/?page_id=271#primaryimage\"},\"thumbnailUrl\":\"https:\/\/ec-be.fr\/wp-content\/uploads\/2023\/08\/Contact-EC-BE.jpg\",\"datePublished\":\"2016-11-29T14:52:20+00:00\",\"dateModified\":\"2023-10-24T16:19:44+00:00\",\"breadcrumb\":{\"@id\":\"https:\/\/ec-be.fr\/?page_id=271#breadcrumb\"},\"inLanguage\":\"fr-FR\",\"potentialAction\":[{\"@type\":\"ReadAction\",\"target\":[\"https:\/\/ec-be.fr\/?page_id=271\"]}]},{\"@type\":\"ImageObject\",\"inLanguage\":\"fr-FR\",\"@id\":\"https:\/\/ec-be.fr\/?page_id=271#primaryimage\",\"url\":\"https:\/\/ec-be.fr\/wp-content\/uploads\/2023\/08\/Contact-EC-BE.jpg\",\"contentUrl\":\"https:\/\/ec-be.fr\/wp-content\/uploads\/2023\/08\/Contact-EC-BE.jpg\",\"width\":1032,\"height\":688},{\"@type\":\"BreadcrumbList\",\"@id\":\"https:\/\/ec-be.fr\/?page_id=271#breadcrumb\",\"itemListElement\":[{\"@type\":\"ListItem\",\"position\":1,\"name\":\"Accueil\",\"item\":\"https:\/\/ec-be.fr\/\"},{\"@type\":\"ListItem\",\"position\":2,\"name\":\"Contact\"}]},{\"@type\":\"WebSite\",\"@id\":\"https:\/\/ec-be.fr\/#website\",\"url\":\"https:\/\/ec-be.fr\/\",\"name\":\"Cabinet ec-be\",\"description\":\"\",\"potentialAction\":[{\"@type\":\"SearchAction\",\"target\":{\"@type\":\"EntryPoint\",\"urlTemplate\":\"https:\/\/ec-be.fr\/?s={search_term_string}\"},\"query-input\":{\"@type\":\"PropertyValueSpecification\",\"valueRequired\":true,\"valueName\":\"search_term_string\"}}],\"inLanguage\":\"fr-FR\"}]}<\/script>\n<!-- \/ Yoast SEO plugin. -->","yoast_head_json":{"title":"Contact - Cabinet ec-be","robots":{"index":"index","follow":"follow","max-snippet":"max-snippet:-1","max-image-preview":"max-image-preview:large","max-video-preview":"max-video-preview:-1"},"canonical":"https:\/\/ec-be.fr\/?page_id=271","og_locale":"fr_FR","og_type":"article","og_title":"Contact - Cabinet ec-be","og_description":"[vc_row css=\u00a0\u00bb.vc_custom_1692203572323{margin-top: 50px !important;}\u00a0\u00bb][vc_column][vc_row_inner css=\u00a0\u00bb.vc_custom_1479804800604{margin-top: 50px !important;}\u00a0\u00bb][vc_column_inner width=\u00a0\u00bb1\/2&Prime; offset=\u00a0\u00bbvc_col-lg-5 vc_col-md-6 vc_col-xs-12&Prime;][vc_single_image image=\u00a0\u00bb2035&Prime; img_size=\u00a0\u00bblarge\u00a0\u00bb][\/vc_column_inner][vc_column_inner offset=\u00a0\u00bbvc_col-lg-offset-2 vc_col-lg-5 vc_col-md-6 vc_col-xs-12&Prime;][\/vc_column_inner][\/vc_row_inner][\/vc_column][\/vc_row]","og_url":"https:\/\/ec-be.fr\/?page_id=271","og_site_name":"Cabinet ec-be","article_modified_time":"2023-10-24T16:19:44+00:00","og_image":[{"width":1032,"height":688,"url":"https:\/\/ec-be.fr\/wp-content\/uploads\/2023\/08\/Contact-EC-BE.jpg","type":"image\/jpeg"}],"twitter_card":"summary_large_image","twitter_misc":{"Dur\u00e9e de lecture estim\u00e9e":"1 minute"},"schema":{"@context":"https:\/\/schema.org","@graph":[{"@type":"WebPage","@id":"https:\/\/ec-be.fr\/?page_id=271","url":"https:\/\/ec-be.fr\/?page_id=271","name":"Contact - Cabinet ec-be","isPartOf":{"@id":"https:\/\/ec-be.fr\/#website"},"primaryImageOfPage":{"@id":"https:\/\/ec-be.fr\/?page_id=271#primaryimage"},"image":{"@id":"https:\/\/ec-be.fr\/?page_id=271#primaryimage"},"thumbnailUrl":"https:\/\/ec-be.fr\/wp-content\/uploads\/2023\/08\/Contact-EC-BE.jpg","datePublished":"2016-11-29T14:52:20+00:00","dateModified":"2023-10-24T16:19:44+00:00","breadcrumb":{"@id":"https:\/\/ec-be.fr\/?page_id=271#breadcrumb"},"inLanguage":"fr-FR","potentialAction":[{"@type":"ReadAction","target":["https:\/\/ec-be.fr\/?page_id=271"]}]},{"@type":"ImageObject","inLanguage":"fr-FR","@id":"https:\/\/ec-be.fr\/?page_id=271#primaryimage","url":"https:\/\/ec-be.fr\/wp-content\/uploads\/2023\/08\/Contact-EC-BE.jpg","contentUrl":"https:\/\/ec-be.fr\/wp-content\/uploads\/2023\/08\/Contact-EC-BE.jpg","width":1032,"height":688},{"@type":"BreadcrumbList","@id":"https:\/\/ec-be.fr\/?page_id=271#breadcrumb","itemListElement":[{"@type":"ListItem","position":1,"name":"Accueil","item":"https:\/\/ec-be.fr\/"},{"@type":"ListItem","position":2,"name":"Contact"}]},{"@type":"WebSite","@id":"https:\/\/ec-be.fr\/#website","url":"https:\/\/ec-be.fr\/","name":"Cabinet ec-be","description":"","potentialAction":[{"@type":"SearchAction","target":{"@type":"EntryPoint","urlTemplate":"https:\/\/ec-be.fr\/?s={search_term_string}"},"query-input":{"@type":"PropertyValueSpecification","valueRequired":true,"valueName":"search_term_string"}}],"inLanguage":"fr-FR"}]}},"_links":{"self":[{"href":"https:\/\/ec-be.fr\/index.php?rest_route=\/wp\/v2\/pages\/271","targetHints":{"allow":["GET"]}}],"collection":[{"href":"https:\/\/ec-be.fr\/index.php?rest_route=\/wp\/v2\/pages"}],"about":[{"href":"https:\/\/ec-be.fr\/index.php?rest_route=\/wp\/v2\/types\/page"}],"author":[{"embeddable":true,"href":"https:\/\/ec-be.fr\/index.php?rest_route=\/wp\/v2\/users\/1"}],"replies":[{"embeddable":true,"href":"https:\/\/ec-be.fr\/index.php?rest_route=%2Fwp%2Fv2%2Fcomments&post=271"}],"version-history":[{"count":7,"href":"https:\/\/ec-be.fr\/index.php?rest_route=\/wp\/v2\/pages\/271\/revisions"}],"predecessor-version":[{"id":2119,"href":"https:\/\/ec-be.fr\/index.php?rest_route=\/wp\/v2\/pages\/271\/revisions\/2119"}],"wp:featuredmedia":[{"embeddable":true,"href":"https:\/\/ec-be.fr\/index.php?rest_route=\/wp\/v2\/media\/1917"}],"wp:attachment":[{"href":"https:\/\/ec-be.fr\/index.php?rest_route=%2Fwp%2Fv2%2Fmedia&parent=271"}],"curies":[{"name":"wp","href":"https:\/\/api.w.org\/{rel}","templated":true}]}}