{"id":2343,"date":"2024-04-25T12:28:53","date_gmt":"2024-04-25T12:28:53","guid":{"rendered":"https:\/\/ec-be.fr\/?page_id=2343"},"modified":"2024-04-25T12:32:38","modified_gmt":"2024-04-25T12:32:38","slug":"opc","status":"publish","type":"page","link":"https:\/\/ec-be.fr\/?page_id=2343","title":{"rendered":"OPC"},"content":{"rendered":"<div class=\"wpb-content-wrapper\"><p>[vc_row][vc_column width=\u00a0\u00bb2\/3&Prime;][vc_column_text]&nbsp;<\/p>\n<p>EC-BE intervient en tant qu\u2019OPC sur les chantiers d\u2019op\u00e9rations immobili\u00e8res (type r\u00e9sidentiel ou tertiaire) :<\/p>\n<ul>\n<li>Elaboration et suivi du planning ex\u00e9cution et avancement des travaux\u00a0;<\/li>\n<li>Suivi journalier ou hebdomadaire sur site, et r\u00e9daction de rapports d\u2019activit\u00e9s\u00a0;<\/li>\n<li>Contr\u00f4le et gestion des effectifs\u00a0;<\/li>\n<li>Pilotage des entreprises et des intervenants\u00a0;<\/li>\n<li>Gestion logistique des chantiers.<\/li>\n<\/ul>\n<p>[\/vc_column_text][\/vc_column][vc_column width=\u00a0\u00bb1\/3&Prime;][vc_single_image image=\u00a0\u00bb2346&Prime; img_size=\u00a0\u00bbfull\u00a0\u00bb][\/vc_column][\/vc_row]<\/p>\n<\/div>","protected":false},"excerpt":{"rendered":"<p>[vc_row][vc_column width=\u00a0\u00bb2\/3&Prime;][vc_column_text]&nbsp; EC-BE intervient en tant qu\u2019OPC sur les chantiers d\u2019op\u00e9rations immobili\u00e8res (type r\u00e9sidentiel ou tertiaire) : Elaboration et suivi du planning ex\u00e9cution et avancement des travaux\u00a0; Suivi journalier ou hebdomadaire sur site, et r\u00e9daction de rapports d\u2019activit\u00e9s\u00a0; Contr\u00f4le et gestion des effectifs\u00a0; Pilotage des entreprises et des intervenants\u00a0; Gestion logistique des chantiers. [\/vc_column_text][\/vc_column][vc_column width=\u00a0\u00bb1\/3&Prime;][vc_single_image&#8230;<\/p>\n","protected":false},"author":1,"featured_media":0,"parent":0,"menu_order":0,"comment_status":"closed","ping_status":"closed","template":"visual-composer.php","meta":{"footnotes":""},"class_list":["post-2343","page","type-page","status-publish","hentry"],"yoast_head":"<!-- This site is optimized with the Yoast SEO plugin v26.9 - https:\/\/yoast.com\/product\/yoast-seo-wordpress\/ -->\n<title>OPC - Cabinet ec-be<\/title>\n<meta name=\"description\" content=\"Ordonnancement - Pilotage - Coordination\" \/>\n<meta name=\"robots\" content=\"index, follow, max-snippet:-1, max-image-preview:large, max-video-preview:-1\" \/>\n<link rel=\"canonical\" href=\"https:\/\/ec-be.fr\/?page_id=2343\" \/>\n<meta property=\"og:locale\" content=\"fr_FR\" \/>\n<meta property=\"og:type\" content=\"article\" \/>\n<meta property=\"og:title\" content=\"OPC - Cabinet ec-be\" \/>\n<meta property=\"og:description\" content=\"Ordonnancement - Pilotage - Coordination\" \/>\n<meta property=\"og:url\" content=\"https:\/\/ec-be.fr\/?page_id=2343\" \/>\n<meta property=\"og:site_name\" content=\"Cabinet ec-be\" \/>\n<meta property=\"article:modified_time\" content=\"2024-04-25T12:32:38+00:00\" \/>\n<meta name=\"twitter:card\" content=\"summary_large_image\" \/>\n<meta name=\"twitter:label1\" content=\"Dur\u00e9e de lecture estim\u00e9e\" \/>\n\t<meta name=\"twitter:data1\" content=\"1 minute\" \/>\n<script type=\"application\/ld+json\" class=\"yoast-schema-graph\">{\"@context\":\"https:\/\/schema.org\",\"@graph\":[{\"@type\":\"WebPage\",\"@id\":\"https:\/\/ec-be.fr\/?page_id=2343\",\"url\":\"https:\/\/ec-be.fr\/?page_id=2343\",\"name\":\"OPC - Cabinet ec-be\",\"isPartOf\":{\"@id\":\"https:\/\/ec-be.fr\/#website\"},\"datePublished\":\"2024-04-25T12:28:53+00:00\",\"dateModified\":\"2024-04-25T12:32:38+00:00\",\"description\":\"Ordonnancement - Pilotage - Coordination\",\"breadcrumb\":{\"@id\":\"https:\/\/ec-be.fr\/?page_id=2343#breadcrumb\"},\"inLanguage\":\"fr-FR\",\"potentialAction\":[{\"@type\":\"ReadAction\",\"target\":[\"https:\/\/ec-be.fr\/?page_id=2343\"]}]},{\"@type\":\"BreadcrumbList\",\"@id\":\"https:\/\/ec-be.fr\/?page_id=2343#breadcrumb\",\"itemListElement\":[{\"@type\":\"ListItem\",\"position\":1,\"name\":\"Accueil\",\"item\":\"https:\/\/ec-be.fr\/\"},{\"@type\":\"ListItem\",\"position\":2,\"name\":\"OPC\"}]},{\"@type\":\"WebSite\",\"@id\":\"https:\/\/ec-be.fr\/#website\",\"url\":\"https:\/\/ec-be.fr\/\",\"name\":\"Cabinet ec-be\",\"description\":\"\",\"potentialAction\":[{\"@type\":\"SearchAction\",\"target\":{\"@type\":\"EntryPoint\",\"urlTemplate\":\"https:\/\/ec-be.fr\/?s={search_term_string}\"},\"query-input\":{\"@type\":\"PropertyValueSpecification\",\"valueRequired\":true,\"valueName\":\"search_term_string\"}}],\"inLanguage\":\"fr-FR\"}]}<\/script>\n<!-- \/ Yoast SEO plugin. -->","yoast_head_json":{"title":"OPC - Cabinet ec-be","description":"Ordonnancement - Pilotage - Coordination","robots":{"index":"index","follow":"follow","max-snippet":"max-snippet:-1","max-image-preview":"max-image-preview:large","max-video-preview":"max-video-preview:-1"},"canonical":"https:\/\/ec-be.fr\/?page_id=2343","og_locale":"fr_FR","og_type":"article","og_title":"OPC - Cabinet ec-be","og_description":"Ordonnancement - Pilotage - Coordination","og_url":"https:\/\/ec-be.fr\/?page_id=2343","og_site_name":"Cabinet ec-be","article_modified_time":"2024-04-25T12:32:38+00:00","twitter_card":"summary_large_image","twitter_misc":{"Dur\u00e9e de lecture estim\u00e9e":"1 minute"},"schema":{"@context":"https:\/\/schema.org","@graph":[{"@type":"WebPage","@id":"https:\/\/ec-be.fr\/?page_id=2343","url":"https:\/\/ec-be.fr\/?page_id=2343","name":"OPC - Cabinet ec-be","isPartOf":{"@id":"https:\/\/ec-be.fr\/#website"},"datePublished":"2024-04-25T12:28:53+00:00","dateModified":"2024-04-25T12:32:38+00:00","description":"Ordonnancement - Pilotage - Coordination","breadcrumb":{"@id":"https:\/\/ec-be.fr\/?page_id=2343#breadcrumb"},"inLanguage":"fr-FR","potentialAction":[{"@type":"ReadAction","target":["https:\/\/ec-be.fr\/?page_id=2343"]}]},{"@type":"BreadcrumbList","@id":"https:\/\/ec-be.fr\/?page_id=2343#breadcrumb","itemListElement":[{"@type":"ListItem","position":1,"name":"Accueil","item":"https:\/\/ec-be.fr\/"},{"@type":"ListItem","position":2,"name":"OPC"}]},{"@type":"WebSite","@id":"https:\/\/ec-be.fr\/#website","url":"https:\/\/ec-be.fr\/","name":"Cabinet ec-be","description":"","potentialAction":[{"@type":"SearchAction","target":{"@type":"EntryPoint","urlTemplate":"https:\/\/ec-be.fr\/?s={search_term_string}"},"query-input":{"@type":"PropertyValueSpecification","valueRequired":true,"valueName":"search_term_string"}}],"inLanguage":"fr-FR"}]}},"_links":{"self":[{"href":"https:\/\/ec-be.fr\/index.php?rest_route=\/wp\/v2\/pages\/2343","targetHints":{"allow":["GET"]}}],"collection":[{"href":"https:\/\/ec-be.fr\/index.php?rest_route=\/wp\/v2\/pages"}],"about":[{"href":"https:\/\/ec-be.fr\/index.php?rest_route=\/wp\/v2\/types\/page"}],"author":[{"embeddable":true,"href":"https:\/\/ec-be.fr\/index.php?rest_route=\/wp\/v2\/users\/1"}],"replies":[{"embeddable":true,"href":"https:\/\/ec-be.fr\/index.php?rest_route=%2Fwp%2Fv2%2Fcomments&post=2343"}],"version-history":[{"count":3,"href":"https:\/\/ec-be.fr\/index.php?rest_route=\/wp\/v2\/pages\/2343\/revisions"}],"predecessor-version":[{"id":2347,"href":"https:\/\/ec-be.fr\/index.php?rest_route=\/wp\/v2\/pages\/2343\/revisions\/2347"}],"wp:attachment":[{"href":"https:\/\/ec-be.fr\/index.php?rest_route=%2Fwp%2Fv2%2Fmedia&parent=2343"}],"curies":[{"name":"wp","href":"https:\/\/api.w.org\/{rel}","templated":true}]}}