{"id":2338,"date":"2024-04-25T12:23:37","date_gmt":"2024-04-25T12:23:37","guid":{"rendered":"https:\/\/ec-be.fr\/?page_id=2338"},"modified":"2024-04-25T12:27:34","modified_gmt":"2024-04-25T12:27:34","slug":"assistance-a-maitrise-douvrage","status":"publish","type":"page","link":"https:\/\/ec-be.fr\/?page_id=2338","title":{"rendered":"Assistance \u00e0 Ma\u00eetrise d\u2019Ouvrage"},"content":{"rendered":"<div class=\"wpb-content-wrapper\"><p>[vc_row][vc_column width=\u00a0\u00bb2\/3&Prime;][vc_column_text]&nbsp;<\/p>\n<p>EC-BE intervient en tant qu\u2019AMO sur l\u2019ensemble du spectre d\u2019une op\u00e9ration immobili\u00e8re (type r\u00e9sidentiel ou tertiaire), depuis la conception jusqu\u2019\u00e0 la fin de la garantie de parfait ach\u00e8vement :<\/p>\n<ul>\n<li>Assistance \u00e0 la d\u00e9finition du planning travaux,<\/li>\n<li>Mise au point des dossiers de conception et d\u2019ex\u00e9cution,<\/li>\n<li>Coordination des intervenants techniques et architecturaux.<\/li>\n<li>Assistance \u00e0 la livraison d\u2019op\u00e9rations.<\/li>\n<\/ul>\n<p>[\/vc_column_text][\/vc_column][vc_column width=\u00a0\u00bb1\/3&Prime;][vc_single_image image=\u00a0\u00bb2340&Prime; img_size=\u00a0\u00bbFull\u00a0\u00bb][\/vc_column][\/vc_row]<\/p>\n<\/div>","protected":false},"excerpt":{"rendered":"<p>[vc_row][vc_column width=\u00a0\u00bb2\/3&Prime;][vc_column_text]&nbsp; EC-BE intervient en tant qu\u2019AMO sur l\u2019ensemble du spectre d\u2019une op\u00e9ration immobili\u00e8re (type r\u00e9sidentiel ou tertiaire), depuis la conception jusqu\u2019\u00e0 la fin de la garantie de parfait ach\u00e8vement : Assistance \u00e0 la d\u00e9finition du planning travaux, Mise au point des dossiers de conception et d\u2019ex\u00e9cution, Coordination des intervenants techniques et architecturaux. Assistance \u00e0&#8230;<\/p>\n","protected":false},"author":1,"featured_media":0,"parent":0,"menu_order":0,"comment_status":"closed","ping_status":"closed","template":"visual-composer.php","meta":{"footnotes":""},"class_list":["post-2338","page","type-page","status-publish","hentry"],"yoast_head":"<!-- This site is optimized with the Yoast SEO plugin v26.9 - https:\/\/yoast.com\/product\/yoast-seo-wordpress\/ -->\n<title>Assistance \u00e0 Ma\u00eetrise d\u2019Ouvrage - Cabinet ec-be<\/title>\n<meta name=\"description\" content=\"AMO Op\u00e9rationnel\/Technique - R\u00e9ception\/Livraison - Renfort charg\u00e9 de projet MOA\" \/>\n<meta name=\"robots\" content=\"index, follow, max-snippet:-1, max-image-preview:large, max-video-preview:-1\" \/>\n<link rel=\"canonical\" href=\"https:\/\/ec-be.fr\/?page_id=2338\" \/>\n<meta property=\"og:locale\" content=\"fr_FR\" \/>\n<meta property=\"og:type\" content=\"article\" \/>\n<meta property=\"og:title\" content=\"Assistance \u00e0 Ma\u00eetrise d\u2019Ouvrage - Cabinet ec-be\" \/>\n<meta property=\"og:description\" content=\"AMO Op\u00e9rationnel\/Technique - R\u00e9ception\/Livraison - Renfort charg\u00e9 de projet MOA\" \/>\n<meta property=\"og:url\" content=\"https:\/\/ec-be.fr\/?page_id=2338\" \/>\n<meta property=\"og:site_name\" content=\"Cabinet ec-be\" \/>\n<meta property=\"article:modified_time\" content=\"2024-04-25T12:27:34+00:00\" \/>\n<meta name=\"twitter:card\" content=\"summary_large_image\" \/>\n<meta name=\"twitter:label1\" content=\"Dur\u00e9e de lecture estim\u00e9e\" \/>\n\t<meta name=\"twitter:data1\" content=\"1 minute\" \/>\n<script type=\"application\/ld+json\" class=\"yoast-schema-graph\">{\"@context\":\"https:\/\/schema.org\",\"@graph\":[{\"@type\":\"WebPage\",\"@id\":\"https:\/\/ec-be.fr\/?page_id=2338\",\"url\":\"https:\/\/ec-be.fr\/?page_id=2338\",\"name\":\"Assistance \u00e0 Ma\u00eetrise d\u2019Ouvrage - Cabinet ec-be\",\"isPartOf\":{\"@id\":\"https:\/\/ec-be.fr\/#website\"},\"datePublished\":\"2024-04-25T12:23:37+00:00\",\"dateModified\":\"2024-04-25T12:27:34+00:00\",\"description\":\"AMO Op\u00e9rationnel\/Technique - R\u00e9ception\/Livraison - Renfort charg\u00e9 de projet MOA\",\"breadcrumb\":{\"@id\":\"https:\/\/ec-be.fr\/?page_id=2338#breadcrumb\"},\"inLanguage\":\"fr-FR\",\"potentialAction\":[{\"@type\":\"ReadAction\",\"target\":[\"https:\/\/ec-be.fr\/?page_id=2338\"]}]},{\"@type\":\"BreadcrumbList\",\"@id\":\"https:\/\/ec-be.fr\/?page_id=2338#breadcrumb\",\"itemListElement\":[{\"@type\":\"ListItem\",\"position\":1,\"name\":\"Accueil\",\"item\":\"https:\/\/ec-be.fr\/\"},{\"@type\":\"ListItem\",\"position\":2,\"name\":\"Assistance \u00e0 Ma\u00eetrise d\u2019Ouvrage\"}]},{\"@type\":\"WebSite\",\"@id\":\"https:\/\/ec-be.fr\/#website\",\"url\":\"https:\/\/ec-be.fr\/\",\"name\":\"Cabinet ec-be\",\"description\":\"\",\"potentialAction\":[{\"@type\":\"SearchAction\",\"target\":{\"@type\":\"EntryPoint\",\"urlTemplate\":\"https:\/\/ec-be.fr\/?s={search_term_string}\"},\"query-input\":{\"@type\":\"PropertyValueSpecification\",\"valueRequired\":true,\"valueName\":\"search_term_string\"}}],\"inLanguage\":\"fr-FR\"}]}<\/script>\n<!-- \/ Yoast SEO plugin. -->","yoast_head_json":{"title":"Assistance \u00e0 Ma\u00eetrise d\u2019Ouvrage - Cabinet ec-be","description":"AMO Op\u00e9rationnel\/Technique - R\u00e9ception\/Livraison - Renfort charg\u00e9 de projet MOA","robots":{"index":"index","follow":"follow","max-snippet":"max-snippet:-1","max-image-preview":"max-image-preview:large","max-video-preview":"max-video-preview:-1"},"canonical":"https:\/\/ec-be.fr\/?page_id=2338","og_locale":"fr_FR","og_type":"article","og_title":"Assistance \u00e0 Ma\u00eetrise d\u2019Ouvrage - Cabinet ec-be","og_description":"AMO Op\u00e9rationnel\/Technique - R\u00e9ception\/Livraison - Renfort charg\u00e9 de projet MOA","og_url":"https:\/\/ec-be.fr\/?page_id=2338","og_site_name":"Cabinet ec-be","article_modified_time":"2024-04-25T12:27:34+00:00","twitter_card":"summary_large_image","twitter_misc":{"Dur\u00e9e de lecture estim\u00e9e":"1 minute"},"schema":{"@context":"https:\/\/schema.org","@graph":[{"@type":"WebPage","@id":"https:\/\/ec-be.fr\/?page_id=2338","url":"https:\/\/ec-be.fr\/?page_id=2338","name":"Assistance \u00e0 Ma\u00eetrise d\u2019Ouvrage - Cabinet ec-be","isPartOf":{"@id":"https:\/\/ec-be.fr\/#website"},"datePublished":"2024-04-25T12:23:37+00:00","dateModified":"2024-04-25T12:27:34+00:00","description":"AMO Op\u00e9rationnel\/Technique - R\u00e9ception\/Livraison - Renfort charg\u00e9 de projet MOA","breadcrumb":{"@id":"https:\/\/ec-be.fr\/?page_id=2338#breadcrumb"},"inLanguage":"fr-FR","potentialAction":[{"@type":"ReadAction","target":["https:\/\/ec-be.fr\/?page_id=2338"]}]},{"@type":"BreadcrumbList","@id":"https:\/\/ec-be.fr\/?page_id=2338#breadcrumb","itemListElement":[{"@type":"ListItem","position":1,"name":"Accueil","item":"https:\/\/ec-be.fr\/"},{"@type":"ListItem","position":2,"name":"Assistance \u00e0 Ma\u00eetrise d\u2019Ouvrage"}]},{"@type":"WebSite","@id":"https:\/\/ec-be.fr\/#website","url":"https:\/\/ec-be.fr\/","name":"Cabinet ec-be","description":"","potentialAction":[{"@type":"SearchAction","target":{"@type":"EntryPoint","urlTemplate":"https:\/\/ec-be.fr\/?s={search_term_string}"},"query-input":{"@type":"PropertyValueSpecification","valueRequired":true,"valueName":"search_term_string"}}],"inLanguage":"fr-FR"}]}},"_links":{"self":[{"href":"https:\/\/ec-be.fr\/index.php?rest_route=\/wp\/v2\/pages\/2338","targetHints":{"allow":["GET"]}}],"collection":[{"href":"https:\/\/ec-be.fr\/index.php?rest_route=\/wp\/v2\/pages"}],"about":[{"href":"https:\/\/ec-be.fr\/index.php?rest_route=\/wp\/v2\/types\/page"}],"author":[{"embeddable":true,"href":"https:\/\/ec-be.fr\/index.php?rest_route=\/wp\/v2\/users\/1"}],"replies":[{"embeddable":true,"href":"https:\/\/ec-be.fr\/index.php?rest_route=%2Fwp%2Fv2%2Fcomments&post=2338"}],"version-history":[{"count":2,"href":"https:\/\/ec-be.fr\/index.php?rest_route=\/wp\/v2\/pages\/2338\/revisions"}],"predecessor-version":[{"id":2341,"href":"https:\/\/ec-be.fr\/index.php?rest_route=\/wp\/v2\/pages\/2338\/revisions\/2341"}],"wp:attachment":[{"href":"https:\/\/ec-be.fr\/index.php?rest_route=%2Fwp%2Fv2%2Fmedia&parent=2338"}],"curies":[{"name":"wp","href":"https:\/\/api.w.org\/{rel}","templated":true}]}}