{"id":2333,"date":"2024-04-25T12:17:19","date_gmt":"2024-04-25T12:17:19","guid":{"rendered":"https:\/\/ec-be.fr\/?page_id=2333"},"modified":"2024-09-10T13:38:18","modified_gmt":"2024-09-10T13:38:18","slug":"maitrise-doeuvre","status":"publish","type":"page","link":"https:\/\/ec-be.fr\/?page_id=2333","title":{"rendered":"Ma\u00eetrise d\u2019\u0152uvre"},"content":{"rendered":"<div class=\"wpb-content-wrapper\"><p>[vc_row][vc_column width=\u00a0\u00bb2\/3&Prime;][vc_column_text]&nbsp;<\/p>\n<p>Dans la continuit\u00e9 d\u2019une \u00e9tude r\u00e9alis\u00e9e par nos soins, ou apr\u00e8s une phase DCE confi\u00e9e par un MOA, EC-BE assure une Maitrise d\u2019\u0152uvre compl\u00e8te ou partielle, en s\u2019associant avec quelques partenaires de confiance sp\u00e9cialis\u00e9s (bureaux d\u2019\u00e9tudes structures, fluides, thermiques\u2026). Il conduit, assume, con\u00e7oit le projet pour le Maitre d\u2019Ouvrage.<\/p>\n<p>Le P\u00f4le Etude est compos\u00e9 de charg\u00e9s d\u2019\u00e9tude qui encadrent et dirigent le projet, en s\u2019appuyant en interne sur les Architectes, les Economistes, et sur les partenaires ext\u00e9rieurs (bureaux d\u2019\u00e9tudes sp\u00e9cialis\u00e9s).<\/p>\n<p>ECBE respecte les diff\u00e9rentes phases norm\u00e9es qui d\u00e9compose les \u00e9tudes de conception comme\u00a0: phases diagnostic, avant-projet, projet, DCE et ACT.<\/p>\n<p>EC-BE utilise les logiciels de travail\u00a0:<\/p>\n<ul>\n<li>Autocad, Revit, Sketchup pour la partie dessin (permis, DP, AT),<\/li>\n<li>LOGIKUTCH pour les m\u00e9tr\u00e9s,<\/li>\n<li>DEVISOC pour les pi\u00e8ces \u00e9crites.<\/li>\n<\/ul>\n<p><strong><u>Ex\u00e9cution\u00a0: <\/u><\/strong><\/p>\n<p>Le Ma\u00eetre d\u2019\u0152uvre est responsable de la qualit\u00e9 de l\u2019ouvrage, du respect du contrat de travaux, notamment budget et d\u00e9lai. Il a une obligation de r\u00e9sultat sur les travaux en respectant ces trois contraintes.<\/p>\n<p>Les dirigeants associ\u00e9s, et les charg\u00e9s d\u2019op\u00e9ration de Ma\u00eetrise d\u2019\u0152uvre, forts de leurs exp\u00e9riences, du travail en \u00e9quipe, du lien avec le p\u00f4le Etude, exercent pleinement leurs r\u00f4les de chefs d\u2019orchestre sur chantier.<\/p>\n<p>A travers les r\u00e9unions de coordinations, mais aussi dans le cadre du contr\u00f4le de l\u2019ex\u00e9cution des ouvrages, ils mettent leurs talents au service du projet et donc de la Maitrise d\u2019Ouvrage.<\/p>\n<p>EC-BE utilise les outils de travail\u00a0:<\/p>\n<ul>\n<li>PROJECT MS pour la r\u00e9alisation des plannings<strong>;<\/strong><\/li>\n<li>BATISCRIPT pour les comptes-rendus,<\/li>\n<li>BATISCRIPT ou KALITI pour les suivis d\u2019op\u00e9rations (qualit\u00e9, avancement).<\/li>\n<\/ul>\n<p>[\/vc_column_text][\/vc_column][vc_column width=\u00a0\u00bb1\/3&Prime;][vc_single_image image=\u00a0\u00bb2335&Prime; img_size=\u00a0\u00bbFull\u00a0\u00bb][vc_single_image image=\u00a0\u00bb2322&Prime; img_size=\u00a0\u00bbmedium\u00a0\u00bb][\/vc_column][\/vc_row]<\/p>\n<\/div>","protected":false},"excerpt":{"rendered":"<p>[vc_row][vc_column width=\u00a0\u00bb2\/3&Prime;][vc_column_text]&nbsp; Dans la continuit\u00e9 d\u2019une \u00e9tude r\u00e9alis\u00e9e par nos soins, ou apr\u00e8s une phase DCE confi\u00e9e par un MOA, EC-BE assure une Maitrise d\u2019\u0152uvre compl\u00e8te ou partielle, en s\u2019associant avec quelques partenaires de confiance sp\u00e9cialis\u00e9s (bureaux d\u2019\u00e9tudes structures, fluides, thermiques\u2026). Il conduit, assume, con\u00e7oit le projet pour le Maitre d\u2019Ouvrage. Le P\u00f4le Etude est&#8230;<\/p>\n","protected":false},"author":1,"featured_media":0,"parent":0,"menu_order":0,"comment_status":"closed","ping_status":"closed","template":"visual-composer.php","meta":{"footnotes":""},"class_list":["post-2333","page","type-page","status-publish","hentry"],"yoast_head":"<!-- This site is optimized with the Yoast SEO plugin v26.9 - https:\/\/yoast.com\/product\/yoast-seo-wordpress\/ -->\n<title>Ma\u00eetrise d\u2019\u0152uvre - Cabinet ec-be<\/title>\n<meta name=\"robots\" content=\"index, follow, max-snippet:-1, max-image-preview:large, max-video-preview:-1\" \/>\n<link rel=\"canonical\" href=\"https:\/\/ec-be.fr\/?page_id=2333\" \/>\n<meta property=\"og:locale\" content=\"fr_FR\" \/>\n<meta property=\"og:type\" content=\"article\" \/>\n<meta property=\"og:title\" content=\"Ma\u00eetrise d\u2019\u0152uvre - Cabinet ec-be\" \/>\n<meta property=\"og:description\" content=\"[vc_row][vc_column width=\u00a0\u00bb2\/3&Prime;][vc_column_text]&nbsp; Dans la continuit\u00e9 d\u2019une \u00e9tude r\u00e9alis\u00e9e par nos soins, ou apr\u00e8s une phase DCE confi\u00e9e par un MOA, EC-BE assure une Maitrise d\u2019\u0152uvre compl\u00e8te ou partielle, en s\u2019associant avec quelques partenaires de confiance sp\u00e9cialis\u00e9s (bureaux d\u2019\u00e9tudes structures, fluides, thermiques\u2026). Il conduit, assume, con\u00e7oit le projet pour le Maitre d\u2019Ouvrage. Le P\u00f4le Etude est...\" \/>\n<meta property=\"og:url\" content=\"https:\/\/ec-be.fr\/?page_id=2333\" \/>\n<meta property=\"og:site_name\" content=\"Cabinet ec-be\" \/>\n<meta property=\"article:modified_time\" content=\"2024-09-10T13:38:18+00:00\" \/>\n<meta name=\"twitter:card\" content=\"summary_large_image\" \/>\n<meta name=\"twitter:label1\" content=\"Dur\u00e9e de lecture estim\u00e9e\" \/>\n\t<meta name=\"twitter:data1\" content=\"2 minutes\" \/>\n<script type=\"application\/ld+json\" class=\"yoast-schema-graph\">{\"@context\":\"https:\/\/schema.org\",\"@graph\":[{\"@type\":\"WebPage\",\"@id\":\"https:\/\/ec-be.fr\/?page_id=2333\",\"url\":\"https:\/\/ec-be.fr\/?page_id=2333\",\"name\":\"Ma\u00eetrise d\u2019\u0152uvre - Cabinet ec-be\",\"isPartOf\":{\"@id\":\"https:\/\/ec-be.fr\/#website\"},\"datePublished\":\"2024-04-25T12:17:19+00:00\",\"dateModified\":\"2024-09-10T13:38:18+00:00\",\"breadcrumb\":{\"@id\":\"https:\/\/ec-be.fr\/?page_id=2333#breadcrumb\"},\"inLanguage\":\"fr-FR\",\"potentialAction\":[{\"@type\":\"ReadAction\",\"target\":[\"https:\/\/ec-be.fr\/?page_id=2333\"]}]},{\"@type\":\"BreadcrumbList\",\"@id\":\"https:\/\/ec-be.fr\/?page_id=2333#breadcrumb\",\"itemListElement\":[{\"@type\":\"ListItem\",\"position\":1,\"name\":\"Accueil\",\"item\":\"https:\/\/ec-be.fr\/\"},{\"@type\":\"ListItem\",\"position\":2,\"name\":\"Ma\u00eetrise d\u2019\u0152uvre\"}]},{\"@type\":\"WebSite\",\"@id\":\"https:\/\/ec-be.fr\/#website\",\"url\":\"https:\/\/ec-be.fr\/\",\"name\":\"Cabinet ec-be\",\"description\":\"\",\"potentialAction\":[{\"@type\":\"SearchAction\",\"target\":{\"@type\":\"EntryPoint\",\"urlTemplate\":\"https:\/\/ec-be.fr\/?s={search_term_string}\"},\"query-input\":{\"@type\":\"PropertyValueSpecification\",\"valueRequired\":true,\"valueName\":\"search_term_string\"}}],\"inLanguage\":\"fr-FR\"}]}<\/script>\n<!-- \/ Yoast SEO plugin. -->","yoast_head_json":{"title":"Ma\u00eetrise d\u2019\u0152uvre - Cabinet ec-be","robots":{"index":"index","follow":"follow","max-snippet":"max-snippet:-1","max-image-preview":"max-image-preview:large","max-video-preview":"max-video-preview:-1"},"canonical":"https:\/\/ec-be.fr\/?page_id=2333","og_locale":"fr_FR","og_type":"article","og_title":"Ma\u00eetrise d\u2019\u0152uvre - Cabinet ec-be","og_description":"[vc_row][vc_column width=\u00a0\u00bb2\/3&Prime;][vc_column_text]&nbsp; Dans la continuit\u00e9 d\u2019une \u00e9tude r\u00e9alis\u00e9e par nos soins, ou apr\u00e8s une phase DCE confi\u00e9e par un MOA, EC-BE assure une Maitrise d\u2019\u0152uvre compl\u00e8te ou partielle, en s\u2019associant avec quelques partenaires de confiance sp\u00e9cialis\u00e9s (bureaux d\u2019\u00e9tudes structures, fluides, thermiques\u2026). Il conduit, assume, con\u00e7oit le projet pour le Maitre d\u2019Ouvrage. Le P\u00f4le Etude est...","og_url":"https:\/\/ec-be.fr\/?page_id=2333","og_site_name":"Cabinet ec-be","article_modified_time":"2024-09-10T13:38:18+00:00","twitter_card":"summary_large_image","twitter_misc":{"Dur\u00e9e de lecture estim\u00e9e":"2 minutes"},"schema":{"@context":"https:\/\/schema.org","@graph":[{"@type":"WebPage","@id":"https:\/\/ec-be.fr\/?page_id=2333","url":"https:\/\/ec-be.fr\/?page_id=2333","name":"Ma\u00eetrise d\u2019\u0152uvre - Cabinet ec-be","isPartOf":{"@id":"https:\/\/ec-be.fr\/#website"},"datePublished":"2024-04-25T12:17:19+00:00","dateModified":"2024-09-10T13:38:18+00:00","breadcrumb":{"@id":"https:\/\/ec-be.fr\/?page_id=2333#breadcrumb"},"inLanguage":"fr-FR","potentialAction":[{"@type":"ReadAction","target":["https:\/\/ec-be.fr\/?page_id=2333"]}]},{"@type":"BreadcrumbList","@id":"https:\/\/ec-be.fr\/?page_id=2333#breadcrumb","itemListElement":[{"@type":"ListItem","position":1,"name":"Accueil","item":"https:\/\/ec-be.fr\/"},{"@type":"ListItem","position":2,"name":"Ma\u00eetrise d\u2019\u0152uvre"}]},{"@type":"WebSite","@id":"https:\/\/ec-be.fr\/#website","url":"https:\/\/ec-be.fr\/","name":"Cabinet ec-be","description":"","potentialAction":[{"@type":"SearchAction","target":{"@type":"EntryPoint","urlTemplate":"https:\/\/ec-be.fr\/?s={search_term_string}"},"query-input":{"@type":"PropertyValueSpecification","valueRequired":true,"valueName":"search_term_string"}}],"inLanguage":"fr-FR"}]}},"_links":{"self":[{"href":"https:\/\/ec-be.fr\/index.php?rest_route=\/wp\/v2\/pages\/2333","targetHints":{"allow":["GET"]}}],"collection":[{"href":"https:\/\/ec-be.fr\/index.php?rest_route=\/wp\/v2\/pages"}],"about":[{"href":"https:\/\/ec-be.fr\/index.php?rest_route=\/wp\/v2\/types\/page"}],"author":[{"embeddable":true,"href":"https:\/\/ec-be.fr\/index.php?rest_route=\/wp\/v2\/users\/1"}],"replies":[{"embeddable":true,"href":"https:\/\/ec-be.fr\/index.php?rest_route=%2Fwp%2Fv2%2Fcomments&post=2333"}],"version-history":[{"count":4,"href":"https:\/\/ec-be.fr\/index.php?rest_route=\/wp\/v2\/pages\/2333\/revisions"}],"predecessor-version":[{"id":2353,"href":"https:\/\/ec-be.fr\/index.php?rest_route=\/wp\/v2\/pages\/2333\/revisions\/2353"}],"wp:attachment":[{"href":"https:\/\/ec-be.fr\/index.php?rest_route=%2Fwp%2Fv2%2Fmedia&parent=2333"}],"curies":[{"name":"wp","href":"https:\/\/api.w.org\/{rel}","templated":true}]}}