{"id":2325,"date":"2024-04-25T12:09:32","date_gmt":"2024-04-25T12:09:32","guid":{"rendered":"https:\/\/ec-be.fr\/?page_id=2325"},"modified":"2024-04-25T12:16:24","modified_gmt":"2024-04-25T12:16:24","slug":"economie-de-la-construction","status":"publish","type":"page","link":"https:\/\/ec-be.fr\/?page_id=2325","title":{"rendered":"Economie de la Construction"},"content":{"rendered":"<div class=\"wpb-content-wrapper\"><p>[vc_row][vc_column width=\u00a0\u00bb2\/3&Prime;][vc_column_text]<\/p>\n<p>L\u2019\u00e9conomie de la construction consiste \u00e0 quantifier (m\u00e9treur) et estimer les couts d\u2019un projet de construction ou de r\u00e9habilitation lors de sa conception ou sur toute sa dur\u00e9e de vie. L\u2019\u00e9conomiste de la construction dans son titre est aussi un descripteur, qui a la charge de qualifier pr\u00e9cis\u00e9ment chaque ouvrage qui sera mis en \u0153uvre dans la construction, notamment les mat\u00e9riaux, la finition, et le mode de pose\u2026<\/p>\n<p>\u00catre \u00e9conomiste, c\u2019est aussi, entre chaque dossier, travailler \u00e0 l\u2019\u00e9laboration et la mise \u00e0 jour d\u2019une bible technique et base de prix.<\/p>\n<p>En effet, le march\u00e9, le cout, l\u2019innovation \u00e9tant en mouvement perp\u00e9tuel, l\u2019Economiste doit capitaliser sur l\u2019ensemble de ses \u00e9tudes, et retours de consultations, afin d\u2019apporter les couts les plus proches aux \u00e9tudes suivantes.<\/p>\n<p>L\u2019\u00e9quipe EC-BE, forte de plus 10 ans d\u2019exp\u00e9rience, travaille sur tous les aspects de l\u2019\u00e9conomie de projet et \u00e0 tous les stades de vie de ces derniers. Cela permet d\u2019alimenter, d\u2019une phase \u00e0 l\u2019autre, les besoins en prix et en \u00e9laboration technique.<\/p>\n<p>L\u2019optimisation du cout projet reste au centre de notre pr\u00e9occupation, et notre devoir de conseil s\u2019exerce \u00e0 chaque phase de vie des \u00e9tudes\u00a0: solution technique, innovation, \u00e9coute du march\u00e9, lien avec les fabricants.<\/p>\n<p>&nbsp;<\/p>\n<p>De \u00ab\u00a0l&rsquo;analyse de terrain\u00a0\u00bb aux derniers livrables \u00ab\u00a0dossier march\u00e9\u00a0\u00bb, <strong>EC-BE accompagne <\/strong>le Maitre d\u2019Ouvrage <strong>\u00e0 chaque \u00e9tape<\/strong> du projet :<\/p>\n<ul>\n<li>Visite de site\u00a0: r\u00e9alisation d\u2019<strong>une analyse compl\u00e8te des lieux<\/strong>, <strong>int\u00e9gration des besoins et du cahier des charges au sens large\u00a0;<\/strong><\/li>\n<li>Faisabilit\u00e9\u00a0: Pr\u00e9-chiffrage, mise aux normes du projet\u00a0;<\/li>\n<li>Descriptif sommaire technique\u00a0: description des ouvrages et choix techniques (mat\u00e9riaux, couleurs, d\u00e9tails)\u00a0;<\/li>\n<li>CCTP\u00a0: formalisation du <strong>cahier des charges<\/strong> (ou CCTP, Cahier des Clauses Techniques Particuli\u00e8res), qui comprend la description pr\u00e9cise des ouvrages\u00a0;<\/li>\n<li>DPGF (D\u00e9composition des Prix Globale et Forfaitaire) : tableau qui d\u00e9compose les prix et les quantit\u00e9s des fournitures et prestations r\u00e9alis\u00e9s.<\/li>\n<li>DQE (D\u00e9tail Quantitatif Estimatif)\u00a0: document non contractuel utilis\u00e9 dans les march\u00e9s \u00e0 prix unitaires, destin\u00e9 \u00e0 permettre la comparaison des prix\u00a0;<\/li>\n<li>Une consultation des entreprises est ensuite organis\u00e9e, pour laquelle nous lan\u00e7ons un <strong>appel d&rsquo;offres<\/strong>. Un dossier de consultation est soumis \u00e0 plusieurs entreprises de confiance et qualifi\u00e9es\/calibr\u00e9es pour le projet. Une r\u00e9elle mise en concurrence <strong>permettra d&rsquo;obtenir le meilleur rapport qualit\u00e9-prix<\/strong>;<\/li>\n<li>Analyse des offres, cadrage technique et financier entre ces derniers et notre budget estimatif\u00a0;<\/li>\n<li>R\u00e9sultat d\u2019appels offres, sous forme d\u2019analyse compl\u00e8te technique, financi\u00e8re et administrative de chaque candidat\u00a0;<\/li>\n<li>R\u00e9dactions des march\u00e9s de travaux compos\u00e9s des pi\u00e8ces essentielles que nous r\u00e9digeons ou cor\u00e9digeons avec la MOA\u00a0: CCAP \/ CCTG \/ CCTP \/ pi\u00e8ces graphiques \/ Notes de calculs\u2026<\/li>\n<\/ul>\n<p>[\/vc_column_text][\/vc_column][vc_column width=\u00a0\u00bb1\/3&Prime;][vc_single_image image=\u00a0\u00bb2328&Prime; img_size=\u00a0\u00bbfull\u00a0\u00bb][\/vc_column][\/vc_row]<\/p>\n<\/div>","protected":false},"excerpt":{"rendered":"<p>[vc_row][vc_column width=\u00a0\u00bb2\/3&Prime;][vc_column_text] L\u2019\u00e9conomie de la construction consiste \u00e0 quantifier (m\u00e9treur) et estimer les couts d\u2019un projet de construction ou de r\u00e9habilitation lors de sa conception ou sur toute sa dur\u00e9e de vie. L\u2019\u00e9conomiste de la construction dans son titre est aussi un descripteur, qui a la charge de qualifier pr\u00e9cis\u00e9ment chaque ouvrage qui sera mis&#8230;<\/p>\n","protected":false},"author":1,"featured_media":0,"parent":0,"menu_order":0,"comment_status":"closed","ping_status":"closed","template":"visual-composer.php","meta":{"footnotes":""},"class_list":["post-2325","page","type-page","status-publish","hentry"],"yoast_head":"<!-- This site is optimized with the Yoast SEO plugin v26.9 - https:\/\/yoast.com\/product\/yoast-seo-wordpress\/ -->\n<title>Economie de la Construction - Cabinet ec-be<\/title>\n<meta name=\"description\" content=\"Descriptifs \u2013 Economie - Analyse - Conception \u2013 Prescriptions - Consultations - Appel d\u2019offres\" \/>\n<meta name=\"robots\" content=\"index, follow, max-snippet:-1, max-image-preview:large, max-video-preview:-1\" \/>\n<link rel=\"canonical\" href=\"https:\/\/ec-be.fr\/?page_id=2325\" \/>\n<meta property=\"og:locale\" content=\"fr_FR\" \/>\n<meta property=\"og:type\" content=\"article\" \/>\n<meta property=\"og:title\" content=\"Economie de la Construction - Cabinet ec-be\" \/>\n<meta property=\"og:description\" content=\"Descriptifs \u2013 Economie - Analyse - Conception \u2013 Prescriptions - Consultations - Appel d\u2019offres\" \/>\n<meta property=\"og:url\" content=\"https:\/\/ec-be.fr\/?page_id=2325\" \/>\n<meta property=\"og:site_name\" content=\"Cabinet ec-be\" \/>\n<meta property=\"article:modified_time\" content=\"2024-04-25T12:16:24+00:00\" \/>\n<meta name=\"twitter:card\" content=\"summary_large_image\" \/>\n<meta name=\"twitter:label1\" content=\"Dur\u00e9e de lecture estim\u00e9e\" \/>\n\t<meta name=\"twitter:data1\" content=\"3 minutes\" \/>\n<script type=\"application\/ld+json\" class=\"yoast-schema-graph\">{\"@context\":\"https:\/\/schema.org\",\"@graph\":[{\"@type\":\"WebPage\",\"@id\":\"https:\/\/ec-be.fr\/?page_id=2325\",\"url\":\"https:\/\/ec-be.fr\/?page_id=2325\",\"name\":\"Economie de la Construction - Cabinet ec-be\",\"isPartOf\":{\"@id\":\"https:\/\/ec-be.fr\/#website\"},\"datePublished\":\"2024-04-25T12:09:32+00:00\",\"dateModified\":\"2024-04-25T12:16:24+00:00\",\"description\":\"Descriptifs \u2013 Economie - Analyse - Conception \u2013 Prescriptions - Consultations - Appel d\u2019offres\",\"breadcrumb\":{\"@id\":\"https:\/\/ec-be.fr\/?page_id=2325#breadcrumb\"},\"inLanguage\":\"fr-FR\",\"potentialAction\":[{\"@type\":\"ReadAction\",\"target\":[\"https:\/\/ec-be.fr\/?page_id=2325\"]}]},{\"@type\":\"BreadcrumbList\",\"@id\":\"https:\/\/ec-be.fr\/?page_id=2325#breadcrumb\",\"itemListElement\":[{\"@type\":\"ListItem\",\"position\":1,\"name\":\"Accueil\",\"item\":\"https:\/\/ec-be.fr\/\"},{\"@type\":\"ListItem\",\"position\":2,\"name\":\"Economie de la Construction\"}]},{\"@type\":\"WebSite\",\"@id\":\"https:\/\/ec-be.fr\/#website\",\"url\":\"https:\/\/ec-be.fr\/\",\"name\":\"Cabinet ec-be\",\"description\":\"\",\"potentialAction\":[{\"@type\":\"SearchAction\",\"target\":{\"@type\":\"EntryPoint\",\"urlTemplate\":\"https:\/\/ec-be.fr\/?s={search_term_string}\"},\"query-input\":{\"@type\":\"PropertyValueSpecification\",\"valueRequired\":true,\"valueName\":\"search_term_string\"}}],\"inLanguage\":\"fr-FR\"}]}<\/script>\n<!-- \/ Yoast SEO plugin. -->","yoast_head_json":{"title":"Economie de la Construction - Cabinet ec-be","description":"Descriptifs \u2013 Economie - Analyse - Conception \u2013 Prescriptions - Consultations - Appel d\u2019offres","robots":{"index":"index","follow":"follow","max-snippet":"max-snippet:-1","max-image-preview":"max-image-preview:large","max-video-preview":"max-video-preview:-1"},"canonical":"https:\/\/ec-be.fr\/?page_id=2325","og_locale":"fr_FR","og_type":"article","og_title":"Economie de la Construction - Cabinet ec-be","og_description":"Descriptifs \u2013 Economie - Analyse - Conception \u2013 Prescriptions - Consultations - Appel d\u2019offres","og_url":"https:\/\/ec-be.fr\/?page_id=2325","og_site_name":"Cabinet ec-be","article_modified_time":"2024-04-25T12:16:24+00:00","twitter_card":"summary_large_image","twitter_misc":{"Dur\u00e9e de lecture estim\u00e9e":"3 minutes"},"schema":{"@context":"https:\/\/schema.org","@graph":[{"@type":"WebPage","@id":"https:\/\/ec-be.fr\/?page_id=2325","url":"https:\/\/ec-be.fr\/?page_id=2325","name":"Economie de la Construction - Cabinet ec-be","isPartOf":{"@id":"https:\/\/ec-be.fr\/#website"},"datePublished":"2024-04-25T12:09:32+00:00","dateModified":"2024-04-25T12:16:24+00:00","description":"Descriptifs \u2013 Economie - Analyse - Conception \u2013 Prescriptions - Consultations - Appel d\u2019offres","breadcrumb":{"@id":"https:\/\/ec-be.fr\/?page_id=2325#breadcrumb"},"inLanguage":"fr-FR","potentialAction":[{"@type":"ReadAction","target":["https:\/\/ec-be.fr\/?page_id=2325"]}]},{"@type":"BreadcrumbList","@id":"https:\/\/ec-be.fr\/?page_id=2325#breadcrumb","itemListElement":[{"@type":"ListItem","position":1,"name":"Accueil","item":"https:\/\/ec-be.fr\/"},{"@type":"ListItem","position":2,"name":"Economie de la Construction"}]},{"@type":"WebSite","@id":"https:\/\/ec-be.fr\/#website","url":"https:\/\/ec-be.fr\/","name":"Cabinet ec-be","description":"","potentialAction":[{"@type":"SearchAction","target":{"@type":"EntryPoint","urlTemplate":"https:\/\/ec-be.fr\/?s={search_term_string}"},"query-input":{"@type":"PropertyValueSpecification","valueRequired":true,"valueName":"search_term_string"}}],"inLanguage":"fr-FR"}]}},"_links":{"self":[{"href":"https:\/\/ec-be.fr\/index.php?rest_route=\/wp\/v2\/pages\/2325","targetHints":{"allow":["GET"]}}],"collection":[{"href":"https:\/\/ec-be.fr\/index.php?rest_route=\/wp\/v2\/pages"}],"about":[{"href":"https:\/\/ec-be.fr\/index.php?rest_route=\/wp\/v2\/types\/page"}],"author":[{"embeddable":true,"href":"https:\/\/ec-be.fr\/index.php?rest_route=\/wp\/v2\/users\/1"}],"replies":[{"embeddable":true,"href":"https:\/\/ec-be.fr\/index.php?rest_route=%2Fwp%2Fv2%2Fcomments&post=2325"}],"version-history":[{"count":4,"href":"https:\/\/ec-be.fr\/index.php?rest_route=\/wp\/v2\/pages\/2325\/revisions"}],"predecessor-version":[{"id":2332,"href":"https:\/\/ec-be.fr\/index.php?rest_route=\/wp\/v2\/pages\/2325\/revisions\/2332"}],"wp:attachment":[{"href":"https:\/\/ec-be.fr\/index.php?rest_route=%2Fwp%2Fv2%2Fmedia&parent=2325"}],"curies":[{"name":"wp","href":"https:\/\/api.w.org\/{rel}","templated":true}]}}