{"id":2308,"date":"2024-04-25T09:08:17","date_gmt":"2024-04-25T09:08:17","guid":{"rendered":"https:\/\/ec-be.fr\/?page_id=2308"},"modified":"2024-04-25T12:07:09","modified_gmt":"2024-04-25T12:07:09","slug":"audit-dtg","status":"publish","type":"page","link":"https:\/\/ec-be.fr\/?page_id=2308","title":{"rendered":"Audit \/ DTG"},"content":{"rendered":"<div class=\"wpb-content-wrapper\"><p>[vc_row][vc_column width=\u00a0\u00bb2\/3&Prime;][vc_column_text]&nbsp;<\/p>\n<p><strong>Un audit technique<\/strong> de b\u00e2timent est une \u00e9valuation d\u00e9taill\u00e9e de l&rsquo;\u00e9tat d&rsquo;un b\u00e2ti.<\/p>\n<p>Il vise \u00e0 identifier les d\u00e9sordres structurels, les d\u00e9fauts de construction, les probl\u00e8mes de conformit\u00e9 et les risques potentiels pour la sant\u00e9 et la s\u00e9curit\u00e9.<\/p>\n<p>EC-BE connait parfaitement les b\u00e2tis Parisiens ou d\u2019Ile-de-France, tant par son exp\u00e9rience en conduite de travaux de r\u00e9habilitation qu\u2019\u00e0 travers une multitude d\u2019expertises techniques.<\/p>\n<p>&nbsp;<\/p>\n<p><strong>Le diagnostic technique global<\/strong> (DTG) informe les copropri\u00e9taires sur l&rsquo;\u00e9tat technique global de l&rsquo;immeuble et recense les travaux \u00e0 effectuer.<br \/>\nIl \u00e9value la performance \u00e9nerg\u00e9tique de l\u2019immeuble et les objectifs vis\u00e9s pour am\u00e9liorer son \u00e9tiquette \u00e9nerg\u00e9tique.<\/p>\n<p>EC-BE r\u00e9alise, depuis plusieurs ann\u00e9es, les DTG pour des copropri\u00e9t\u00e9s diverses.<\/p>\n<p>Son \u00e9quipe pluridisciplinaire et exp\u00e9riment\u00e9e lui permet de conserver une approche rationnelle, et un rapport aux couts de r\u00e9novation pr\u00e9cis. \u2026.<\/p>\n<p><strong>Vision de CoachCopro \/ APC par rapport au DTG\u00a0:<\/strong><\/p>\n<blockquote>\n<p><em>Le DTG doit \u00eatre un outil de bilan g\u00e9n\u00e9ral permettant d\u2019\u00e9clairer les conseill\u00e8res et conseillers syndicaux, syndics professionnels ou non professionnels et copropri\u00e9taires, sur l\u2019\u00e9tat technique et thermique de leur copropri\u00e9t\u00e9 pour impulser une mise en mouvement vers la programmation de travaux, notamment \u00e9nerg\u00e9tiques.<\/em><\/p>\n<\/blockquote>\n<p><em>(source : <\/em><a href=\"https:\/\/www.apc-paris.com\"><em>https:\/\/www.apc-paris.com<\/em><\/a><em>)<\/em>[\/vc_column_text][\/vc_column][vc_column width=\u00a0\u00bb1\/3&Prime;][vc_single_image image=\u00a0\u00bb2315&Prime; img_size=\u00a0\u00bbfull\u00a0\u00bb][vc_single_image image=\u00a0\u00bb2322&Prime; img_size=\u00a0\u00bbmedium\u00a0\u00bb][\/vc_column][\/vc_row]<\/p>\n<\/div>","protected":false},"excerpt":{"rendered":"<p>[vc_row][vc_column width=\u00a0\u00bb2\/3&Prime;][vc_column_text]&nbsp; Un audit technique de b\u00e2timent est une \u00e9valuation d\u00e9taill\u00e9e de l&rsquo;\u00e9tat d&rsquo;un b\u00e2ti. Il vise \u00e0 identifier les d\u00e9sordres structurels, les d\u00e9fauts de construction, les probl\u00e8mes de conformit\u00e9 et les risques potentiels pour la sant\u00e9 et la s\u00e9curit\u00e9. EC-BE connait parfaitement les b\u00e2tis Parisiens ou d\u2019Ile-de-France, tant par son exp\u00e9rience en conduite de&#8230;<\/p>\n","protected":false},"author":1,"featured_media":0,"parent":0,"menu_order":0,"comment_status":"closed","ping_status":"closed","template":"visual-composer.php","meta":{"footnotes":""},"class_list":["post-2308","page","type-page","status-publish","hentry"],"yoast_head":"<!-- This site is optimized with the Yoast SEO plugin v26.9 - https:\/\/yoast.com\/product\/yoast-seo-wordpress\/ -->\n<title>Audit \/ DTG - Cabinet ec-be<\/title>\n<meta name=\"description\" content=\"Analyse - Investigations - Rapport technique - Constats - Recommandations - Plan pluriannuel de travaux - DPE\" \/>\n<meta name=\"robots\" content=\"index, follow, max-snippet:-1, max-image-preview:large, max-video-preview:-1\" \/>\n<link rel=\"canonical\" href=\"https:\/\/ec-be.fr\/?page_id=2308\" \/>\n<meta property=\"og:locale\" content=\"fr_FR\" \/>\n<meta property=\"og:type\" content=\"article\" \/>\n<meta property=\"og:title\" content=\"Audit \/ DTG - Cabinet ec-be\" \/>\n<meta property=\"og:description\" content=\"Analyse - Investigations - Rapport technique - Constats - Recommandations - Plan pluriannuel de travaux - DPE\" \/>\n<meta property=\"og:url\" content=\"https:\/\/ec-be.fr\/?page_id=2308\" \/>\n<meta property=\"og:site_name\" content=\"Cabinet ec-be\" \/>\n<meta property=\"article:modified_time\" content=\"2024-04-25T12:07:09+00:00\" \/>\n<meta name=\"twitter:card\" content=\"summary_large_image\" \/>\n<meta name=\"twitter:label1\" content=\"Dur\u00e9e de lecture estim\u00e9e\" \/>\n\t<meta name=\"twitter:data1\" content=\"1 minute\" \/>\n<script type=\"application\/ld+json\" class=\"yoast-schema-graph\">{\"@context\":\"https:\/\/schema.org\",\"@graph\":[{\"@type\":\"WebPage\",\"@id\":\"https:\/\/ec-be.fr\/?page_id=2308\",\"url\":\"https:\/\/ec-be.fr\/?page_id=2308\",\"name\":\"Audit \/ DTG - Cabinet ec-be\",\"isPartOf\":{\"@id\":\"https:\/\/ec-be.fr\/#website\"},\"datePublished\":\"2024-04-25T09:08:17+00:00\",\"dateModified\":\"2024-04-25T12:07:09+00:00\",\"description\":\"Analyse - Investigations - Rapport technique - Constats - Recommandations - Plan pluriannuel de travaux - DPE\",\"breadcrumb\":{\"@id\":\"https:\/\/ec-be.fr\/?page_id=2308#breadcrumb\"},\"inLanguage\":\"fr-FR\",\"potentialAction\":[{\"@type\":\"ReadAction\",\"target\":[\"https:\/\/ec-be.fr\/?page_id=2308\"]}]},{\"@type\":\"BreadcrumbList\",\"@id\":\"https:\/\/ec-be.fr\/?page_id=2308#breadcrumb\",\"itemListElement\":[{\"@type\":\"ListItem\",\"position\":1,\"name\":\"Accueil\",\"item\":\"https:\/\/ec-be.fr\/\"},{\"@type\":\"ListItem\",\"position\":2,\"name\":\"Audit \/ DTG\"}]},{\"@type\":\"WebSite\",\"@id\":\"https:\/\/ec-be.fr\/#website\",\"url\":\"https:\/\/ec-be.fr\/\",\"name\":\"Cabinet ec-be\",\"description\":\"\",\"potentialAction\":[{\"@type\":\"SearchAction\",\"target\":{\"@type\":\"EntryPoint\",\"urlTemplate\":\"https:\/\/ec-be.fr\/?s={search_term_string}\"},\"query-input\":{\"@type\":\"PropertyValueSpecification\",\"valueRequired\":true,\"valueName\":\"search_term_string\"}}],\"inLanguage\":\"fr-FR\"}]}<\/script>\n<!-- \/ Yoast SEO plugin. -->","yoast_head_json":{"title":"Audit \/ DTG - Cabinet ec-be","description":"Analyse - Investigations - Rapport technique - Constats - Recommandations - Plan pluriannuel de travaux - DPE","robots":{"index":"index","follow":"follow","max-snippet":"max-snippet:-1","max-image-preview":"max-image-preview:large","max-video-preview":"max-video-preview:-1"},"canonical":"https:\/\/ec-be.fr\/?page_id=2308","og_locale":"fr_FR","og_type":"article","og_title":"Audit \/ DTG - Cabinet ec-be","og_description":"Analyse - Investigations - Rapport technique - Constats - Recommandations - Plan pluriannuel de travaux - DPE","og_url":"https:\/\/ec-be.fr\/?page_id=2308","og_site_name":"Cabinet ec-be","article_modified_time":"2024-04-25T12:07:09+00:00","twitter_card":"summary_large_image","twitter_misc":{"Dur\u00e9e de lecture estim\u00e9e":"1 minute"},"schema":{"@context":"https:\/\/schema.org","@graph":[{"@type":"WebPage","@id":"https:\/\/ec-be.fr\/?page_id=2308","url":"https:\/\/ec-be.fr\/?page_id=2308","name":"Audit \/ DTG - Cabinet ec-be","isPartOf":{"@id":"https:\/\/ec-be.fr\/#website"},"datePublished":"2024-04-25T09:08:17+00:00","dateModified":"2024-04-25T12:07:09+00:00","description":"Analyse - Investigations - Rapport technique - Constats - Recommandations - Plan pluriannuel de travaux - DPE","breadcrumb":{"@id":"https:\/\/ec-be.fr\/?page_id=2308#breadcrumb"},"inLanguage":"fr-FR","potentialAction":[{"@type":"ReadAction","target":["https:\/\/ec-be.fr\/?page_id=2308"]}]},{"@type":"BreadcrumbList","@id":"https:\/\/ec-be.fr\/?page_id=2308#breadcrumb","itemListElement":[{"@type":"ListItem","position":1,"name":"Accueil","item":"https:\/\/ec-be.fr\/"},{"@type":"ListItem","position":2,"name":"Audit \/ DTG"}]},{"@type":"WebSite","@id":"https:\/\/ec-be.fr\/#website","url":"https:\/\/ec-be.fr\/","name":"Cabinet ec-be","description":"","potentialAction":[{"@type":"SearchAction","target":{"@type":"EntryPoint","urlTemplate":"https:\/\/ec-be.fr\/?s={search_term_string}"},"query-input":{"@type":"PropertyValueSpecification","valueRequired":true,"valueName":"search_term_string"}}],"inLanguage":"fr-FR"}]}},"_links":{"self":[{"href":"https:\/\/ec-be.fr\/index.php?rest_route=\/wp\/v2\/pages\/2308","targetHints":{"allow":["GET"]}}],"collection":[{"href":"https:\/\/ec-be.fr\/index.php?rest_route=\/wp\/v2\/pages"}],"about":[{"href":"https:\/\/ec-be.fr\/index.php?rest_route=\/wp\/v2\/types\/page"}],"author":[{"embeddable":true,"href":"https:\/\/ec-be.fr\/index.php?rest_route=\/wp\/v2\/users\/1"}],"replies":[{"embeddable":true,"href":"https:\/\/ec-be.fr\/index.php?rest_route=%2Fwp%2Fv2%2Fcomments&post=2308"}],"version-history":[{"count":7,"href":"https:\/\/ec-be.fr\/index.php?rest_route=\/wp\/v2\/pages\/2308\/revisions"}],"predecessor-version":[{"id":2324,"href":"https:\/\/ec-be.fr\/index.php?rest_route=\/wp\/v2\/pages\/2308\/revisions\/2324"}],"wp:attachment":[{"href":"https:\/\/ec-be.fr\/index.php?rest_route=%2Fwp%2Fv2%2Fmedia&parent=2308"}],"curies":[{"name":"wp","href":"https:\/\/api.w.org\/{rel}","templated":true}]}}