{"id":2092,"date":"2023-10-24T12:14:58","date_gmt":"2023-10-24T12:14:58","guid":{"rendered":"https:\/\/ec-be.fr\/?page_id=2092"},"modified":"2024-09-10T13:43:35","modified_gmt":"2024-09-10T13:43:35","slug":"le-cabinet","status":"publish","type":"page","link":"https:\/\/ec-be.fr\/?page_id=2092","title":{"rendered":"le cabinet"},"content":{"rendered":"<div class=\"wpb-content-wrapper\"><p>[vc_row][vc_column]<div class=\"promo-block  \">\r\n            \t<h3>L&#039;\u00e9quipe<\/h3>\r\n            \t<p>Chez ECBE, notre engagement envers l&#039;excellence et l&#039;innovation guide notre \u00e9quipe d\u00e9vou\u00e9e, pr\u00eate \u00e0 relever vos d\u00e9fis en AMO avec professionnalisme et expertise.<\/p>\r\n              <\/div>[vc_text_separator title=\u00a0\u00bbAssoci\u00e9s\u00a0\u00bb][\/vc_column][\/vc_row][vc_row][vc_column width=\u00a0\u00bb1\/4&Prime;][\/vc_column][vc_column width=\u00a0\u00bb1\/4&Prime;][vc_single_image image=\u00a0\u00bb2039&Prime; img_size=\u00a0\u00bblarge\u00a0\u00bb][vc_column_text]<\/p>\n<p style=\"text-align: center;\"><strong>Matthieu THOMAS<br \/>\n<\/strong>Pr\u00e9sident \u2013 Directeur Associ\u00e9[\/vc_column_text][\/vc_column][vc_column width=\u00a0\u00bb1\/4&Prime;][vc_single_image image=\u00a0\u00bb2041&Prime; img_size=\u00a0\u00bblarge\u00a0\u00bb alignment=\u00a0\u00bbcenter\u00a0\u00bb][vc_column_text]<\/p>\n<p style=\"text-align: center;\"><strong>Patrick THOMAS<\/strong><br \/>\nDirecteur Associ\u00e9[\/vc_column_text][\/vc_column][vc_column width=\u00a0\u00bb1\/4&Prime;][\/vc_column][\/vc_row][vc_row][vc_column][vc_text_separator title=\u00a0\u00bbEx\u00e9cution\u00a0\u00bb][\/vc_column][\/vc_row][vc_row][vc_column width=\u00a0\u00bb1\/4&Prime;][vc_single_image image=\u00a0\u00bb2043&Prime; img_size=\u00a0\u00bblarge\u00a0\u00bb][vc_column_text]<\/p>\n<p style=\"text-align: center;\"><strong>Philippe LEGER<\/strong><br \/>\nCharg\u00e9 d\u2019op\u00e9ration MOE[\/vc_column_text][\/vc_column][vc_column width=\u00a0\u00bb1\/4&Prime;][vc_single_image image=\u00a0\u00bb2045&Prime; img_size=\u00a0\u00bbLarge\u00a0\u00bb][vc_column_text]<\/p>\n<p style=\"text-align: center;\"><strong>Robin MAURESA<\/strong><br \/>\nCharg\u00e9 d\u2019op\u00e9ration MOE[\/vc_column_text][\/vc_column][vc_column width=\u00a0\u00bb1\/4&Prime;][vc_single_image image=\u00a0\u00bb2029&Prime; img_size=\u00a0\u00bbLarge\u00a0\u00bb][vc_column_text]<\/p>\n<p style=\"text-align: center;\"><strong>Yan FRANKEN<\/strong><br \/>\nCharg\u00e9 d\u2019op\u00e9ration MOE[\/vc_column_text][\/vc_column][vc_column width=\u00a0\u00bb1\/4&Prime;][vc_single_image image=\u00a0\u00bb1843&Prime; img_size=\u00a0\u00bblarge\u00a0\u00bb][vc_column_text]<\/p>\n<p style=\"text-align: center;\"><strong>Cl\u00e9ment LE GOFF<\/strong><br \/>\nPilote OPC Apprenti[\/vc_column_text][\/vc_column][\/vc_row][vc_row][vc_column][vc_text_separator title=\u00a0\u00bb\u00c9tudes\u00a0\u00bb][\/vc_column][\/vc_row][vc_row][vc_column width=\u00a0\u00bb1\/4&Prime;][vc_single_image image=\u00a0\u00bb2047&Prime; img_size=\u00a0\u00bbLarge\u00a0\u00bb][vc_column_text]<\/p>\n<p style=\"text-align: center;\"><strong>Adrien PETREZ<\/strong><br \/>\nCharg\u00e9 d\u2019\u00e9tude MOE[\/vc_column_text][\/vc_column][vc_column width=\u00a0\u00bb1\/4&Prime;][vc_single_image image=\u00a0\u00bb2049&Prime; img_size=\u00a0\u00bbLarge\u00a0\u00bb][vc_column_text]<\/p>\n<p style=\"text-align: center;\"><strong>Jessica KALLASSI<\/strong><br \/>\nCharg\u00e9e d\u2019\u00e9tude MOE[\/vc_column_text][\/vc_column][vc_column width=\u00a0\u00bb1\/4&Prime;][vc_single_image image=\u00a0\u00bb2030&Prime; img_size=\u00a0\u00bbLarge\u00a0\u00bb][vc_column_text]<\/p>\n<p style=\"text-align: center;\"><strong>La\u00ebtitia HIAUX<\/strong><br \/>\nArchitecte[\/vc_column_text][\/vc_column][vc_column width=\u00a0\u00bb1\/4&Prime;][vc_single_image image=\u00a0\u00bb2031&Prime; img_size=\u00a0\u00bbLarge\u00a0\u00bb][vc_column_text]<\/p>\n<p style=\"text-align: center;\"><strong>H\u00e9l\u00e8ne LECONTE<\/strong><br \/>\nArchitecte[\/vc_column_text][\/vc_column][\/vc_row][vc_row][vc_column][vc_text_separator title=\u00a0\u00bbAdministratif\u00a0\u00bb][\/vc_column][\/vc_row][vc_row][vc_column width=\u00a0\u00bb1\/4&Prime;][\/vc_column][vc_column width=\u00a0\u00bb1\/4&Prime;][vc_single_image image=\u00a0\u00bb2051&Prime; img_size=\u00a0\u00bbLarge\u00a0\u00bb][vc_column_text]<\/p>\n<p style=\"text-align: center;\"><strong>Sylvie RIBEIRO<\/strong><br \/>\nAssistante administrative[\/vc_column_text][\/vc_column][vc_column width=\u00a0\u00bb1\/4&Prime;][\/vc_column][vc_column width=\u00a0\u00bb1\/4&Prime;][\/vc_column][\/vc_row][vc_row][vc_column css=\u00a0\u00bb.vc_custom_1698155857062{background-color: #ffffff !important;}\u00a0\u00bb]<div class=\"promo-block  \">\r\n            \t<h3>La cabinet en chiffres<\/h3>\r\n            \t<p><\/p>\r\n              <\/div>[\/vc_column][\/vc_row][vc_row css=\u00a0\u00bb.vc_custom_1698157831442{background-color: #f6f6f6 !important;}\u00a0\u00bb][vc_column width=\u00a0\u00bb1\/4&Prime;]<div class=\"stats-universal\">\r\n                  <div class=\"stats-block stats-top\">\r\n                    <div class=\"stats-desc \">\r\n                      <div class=\"stats-number number-counter\"><span data-min=\"0\" data-max=\"200\" data-delay=\"5\" data-increment=\"1\" class=\"numscroller\">0<\/span><\/div>\r\n                      <h5 class=\"no-pad\">m\u00b2 d&#039;implantation dans Paris 17e<\/h5>\r\n                    <\/div>\r\n                  <\/div>\r\n                <\/div>[\/vc_column][vc_column width=\u00a0\u00bb1\/4&Prime; css=\u00a0\u00bb.vc_custom_1698157796734{padding-bottom: 50px !important;}\u00a0\u00bb]<div class=\"stats-universal\">\r\n                  <div class=\"stats-block stats-top\">\r\n                    <div class=\"stats-desc \">\r\n                      <div class=\"stats-number number-counter\"><span data-min=\"0\" data-max=\"2007\" data-delay=\"5\" data-increment=\"1\" class=\"numscroller\">0<\/span><\/div>\r\n                      <h5 class=\"no-pad\">Date de fondation<\/h5>\r\n                    <\/div>\r\n                  <\/div>\r\n                <\/div>[\/vc_column][vc_column width=\u00a0\u00bb1\/4&Prime;]<div class=\"stats-universal\">\r\n                  <div class=\"stats-block stats-top\">\r\n                    <div class=\"stats-desc \">\r\n                      <div class=\"stats-number number-counter\"><span data-min=\"0\" data-max=\"14\" data-delay=\"5\" data-increment=\"1\" class=\"numscroller\">0<\/span><\/div>\r\n                      <h5 class=\"no-pad\">Collaborateurs<\/h5>\r\n                    <\/div>\r\n                  <\/div>\r\n                <\/div>[\/vc_column][vc_column width=\u00a0\u00bb1\/4&Prime;]<div class=\"stats-universal\">\r\n                  <div class=\"stats-block stats-top\">\r\n                    <div class=\"stats-desc \">\r\n                      <div class=\"stats-number number-counter\"><span data-min=\"0\" data-max=\"29\" data-delay=\"5\" data-increment=\"1\" class=\"numscroller\">0<\/span><\/div>\r\n                      <h5 class=\"no-pad\">Chantiers livr\u00e9s par an<\/h5>\r\n                    <\/div>\r\n                  <\/div>\r\n                <\/div>[\/vc_column][\/vc_row][vc_row][vc_column][\/vc_column][\/vc_row][vc_row][vc_column]<div class=\"promo-block  \">\r\n            \t<h3>Les Qualifications<\/h3>\r\n            \t<p>Selon Leonard de Vinci, ``l&#039;apprentissage est la seule chose que l&#039;esprit n&#039;\u00e9puise jamais``, alors au Cabinet EC-BE, nous nous formons constamment pour obtenir de nouvelles qualifications.<\/p>\r\n              <\/div>[\/vc_column][\/vc_row][vc_row][vc_column][vc_column_text]<strong>Qualification OPQTECC<\/strong><\/p>\n<ul>\n<li>Etude d&rsquo;esquisses, d&rsquo;Avant-Projet Sommaire, d&rsquo;Avant-Projet D\u00e9finitif<\/li>\n<li>Etudes de projet \/ Assistance Contrats de Travaux<\/li>\n<li>Ordonnancement &#8211; Pilotage &#8211; Coordination (OPC)<\/li>\n<li>Ma\u00eetrise d&rsquo;\u0153uvre d&rsquo;ex\u00e9cution<\/li>\n<\/ul>\n<p><strong><img loading=\"lazy\" decoding=\"async\" class=\"alignnone size-medium wp-image-2354\" src=\"https:\/\/ec-be.fr\/wp-content\/uploads\/2024\/09\/Qualif-OPQTECC-horizontal-300x115.jpg\" alt=\"\" width=\"300\" height=\"115\" srcset=\"https:\/\/ec-be.fr\/wp-content\/uploads\/2024\/09\/Qualif-OPQTECC-horizontal-300x115.jpg 300w, https:\/\/ec-be.fr\/wp-content\/uploads\/2024\/09\/Qualif-OPQTECC-horizontal-1024x393.jpg 1024w, https:\/\/ec-be.fr\/wp-content\/uploads\/2024\/09\/Qualif-OPQTECC-horizontal-768x295.jpg 768w, https:\/\/ec-be.fr\/wp-content\/uploads\/2024\/09\/Qualif-OPQTECC-horizontal-1536x590.jpg 1536w, https:\/\/ec-be.fr\/wp-content\/uploads\/2024\/09\/Qualif-OPQTECC-horizontal-2048x786.jpg 2048w, https:\/\/ec-be.fr\/wp-content\/uploads\/2024\/09\/Qualif-OPQTECC-horizontal-680x261.jpg 680w\" sizes=\"auto, (max-width: 300px) 100vw, 300px\" \/><\/strong><\/p>\n<p><strong>Formations suivies en 2020-2023<\/strong><\/p>\n<ul>\n<li>R\u00e8glementation environnementale RE2020<\/li>\n<li>Ma\u00eetriser les essentiels de la r\u00e9glementation technique de b\u00e2timents<\/li>\n<li>Mat\u00e9riaux, techniques et r\u00e9habilitation du b\u00e2ti ancien<\/li>\n<li>R\u00e9unions de chantier<\/li>\n<li>R\u00e9ussir l&rsquo;ach\u00e8vement du chantier<\/li>\n<li>Assistance administrative au sein de la Ma\u00eetrise d\u2019\u0152uvre<\/li>\n<\/ul>\n<p><strong>Autres<\/strong><\/p>\n<ul>\n<li>Prise de parole en public<\/li>\n<li>Gestion du temps et des priorit\u00e9s<\/li>\n<li>March\u00e9s priv\u00e9s de travaux et de Ma\u00eetrise d\u2019\u0152uvre<\/li>\n<li>Le descriptif CCTP &#8211; cahier des clauses techniques<\/li>\n<\/ul>\n<p>[\/vc_column_text][\/vc_column][\/vc_row]<\/p>\n<\/div>","protected":false},"excerpt":{"rendered":"<p>[vc_row][vc_column][vc_text_separator title=\u00a0\u00bbAssoci\u00e9s\u00a0\u00bb][\/vc_column][\/vc_row][vc_row][vc_column width=\u00a0\u00bb1\/4&Prime;][\/vc_column][vc_column width=\u00a0\u00bb1\/4&Prime;][vc_single_image image=\u00a0\u00bb2039&Prime; img_size=\u00a0\u00bblarge\u00a0\u00bb][vc_column_text] Matthieu THOMAS Pr\u00e9sident \u2013 Directeur Associ\u00e9[\/vc_column_text][\/vc_column][vc_column width=\u00a0\u00bb1\/4&Prime;][vc_single_image image=\u00a0\u00bb2041&Prime; img_size=\u00a0\u00bblarge\u00a0\u00bb alignment=\u00a0\u00bbcenter\u00a0\u00bb][vc_column_text] Patrick THOMAS Directeur Associ\u00e9[\/vc_column_text][\/vc_column][vc_column width=\u00a0\u00bb1\/4&Prime;][\/vc_column][\/vc_row][vc_row][vc_column][vc_text_separator title=\u00a0\u00bbEx\u00e9cution\u00a0\u00bb][\/vc_column][\/vc_row][vc_row][vc_column width=\u00a0\u00bb1\/4&Prime;][vc_single_image image=\u00a0\u00bb2043&Prime; img_size=\u00a0\u00bblarge\u00a0\u00bb][vc_column_text] Philippe LEGER Charg\u00e9 d\u2019op\u00e9ration MOE[\/vc_column_text][\/vc_column][vc_column width=\u00a0\u00bb1\/4&Prime;][vc_single_image image=\u00a0\u00bb2045&Prime; img_size=\u00a0\u00bbLarge\u00a0\u00bb][vc_column_text] Robin MAURESA Charg\u00e9 d\u2019op\u00e9ration MOE[\/vc_column_text][\/vc_column][vc_column width=\u00a0\u00bb1\/4&Prime;][vc_single_image image=\u00a0\u00bb2029&Prime; img_size=\u00a0\u00bbLarge\u00a0\u00bb][vc_column_text] Yan FRANKEN Charg\u00e9 d\u2019op\u00e9ration MOE[\/vc_column_text][\/vc_column][vc_column width=\u00a0\u00bb1\/4&Prime;][vc_single_image image=\u00a0\u00bb1843&Prime; img_size=\u00a0\u00bblarge\u00a0\u00bb][vc_column_text] Cl\u00e9ment LE GOFF Pilote OPC Apprenti[\/vc_column_text][\/vc_column][\/vc_row][vc_row][vc_column][vc_text_separator&#8230;<\/p>\n","protected":false},"author":1,"featured_media":1920,"parent":0,"menu_order":0,"comment_status":"closed","ping_status":"closed","template":"visual-composer.php","meta":{"footnotes":""},"class_list":["post-2092","page","type-page","status-publish","has-post-thumbnail","hentry"],"yoast_head":"<!-- This site is optimized with the Yoast SEO plugin v26.9 - https:\/\/yoast.com\/product\/yoast-seo-wordpress\/ -->\n<title>le cabinet - Cabinet ec-be<\/title>\n<meta name=\"robots\" content=\"index, follow, max-snippet:-1, max-image-preview:large, max-video-preview:-1\" \/>\n<link rel=\"canonical\" href=\"https:\/\/ec-be.fr\/?page_id=2092\" \/>\n<meta property=\"og:locale\" content=\"fr_FR\" \/>\n<meta property=\"og:type\" content=\"article\" \/>\n<meta property=\"og:title\" content=\"le cabinet - Cabinet ec-be\" \/>\n<meta property=\"og:description\" content=\"[vc_row][vc_column][vc_text_separator title=\u00a0\u00bbAssoci\u00e9s\u00a0\u00bb][\/vc_column][\/vc_row][vc_row][vc_column width=\u00a0\u00bb1\/4&Prime;][\/vc_column][vc_column width=\u00a0\u00bb1\/4&Prime;][vc_single_image image=\u00a0\u00bb2039&Prime; img_size=\u00a0\u00bblarge\u00a0\u00bb][vc_column_text] Matthieu THOMAS Pr\u00e9sident \u2013 Directeur Associ\u00e9[\/vc_column_text][\/vc_column][vc_column width=\u00a0\u00bb1\/4&Prime;][vc_single_image image=\u00a0\u00bb2041&Prime; img_size=\u00a0\u00bblarge\u00a0\u00bb alignment=\u00a0\u00bbcenter\u00a0\u00bb][vc_column_text] Patrick THOMAS Directeur Associ\u00e9[\/vc_column_text][\/vc_column][vc_column width=\u00a0\u00bb1\/4&Prime;][\/vc_column][\/vc_row][vc_row][vc_column][vc_text_separator title=\u00a0\u00bbEx\u00e9cution\u00a0\u00bb][\/vc_column][\/vc_row][vc_row][vc_column width=\u00a0\u00bb1\/4&Prime;][vc_single_image image=\u00a0\u00bb2043&Prime; img_size=\u00a0\u00bblarge\u00a0\u00bb][vc_column_text] Philippe LEGER Charg\u00e9 d\u2019op\u00e9ration MOE[\/vc_column_text][\/vc_column][vc_column width=\u00a0\u00bb1\/4&Prime;][vc_single_image image=\u00a0\u00bb2045&Prime; img_size=\u00a0\u00bbLarge\u00a0\u00bb][vc_column_text] Robin MAURESA Charg\u00e9 d\u2019op\u00e9ration MOE[\/vc_column_text][\/vc_column][vc_column width=\u00a0\u00bb1\/4&Prime;][vc_single_image image=\u00a0\u00bb2029&Prime; img_size=\u00a0\u00bbLarge\u00a0\u00bb][vc_column_text] Yan FRANKEN Charg\u00e9 d\u2019op\u00e9ration MOE[\/vc_column_text][\/vc_column][vc_column width=\u00a0\u00bb1\/4&Prime;][vc_single_image image=\u00a0\u00bb1843&Prime; img_size=\u00a0\u00bblarge\u00a0\u00bb][vc_column_text] Cl\u00e9ment LE GOFF Pilote OPC Apprenti[\/vc_column_text][\/vc_column][\/vc_row][vc_row][vc_column][vc_text_separator...\" \/>\n<meta property=\"og:url\" content=\"https:\/\/ec-be.fr\/?page_id=2092\" \/>\n<meta property=\"og:site_name\" content=\"Cabinet ec-be\" \/>\n<meta property=\"article:modified_time\" content=\"2024-09-10T13:43:35+00:00\" \/>\n<meta property=\"og:image\" content=\"https:\/\/ec-be.fr\/wp-content\/uploads\/2023\/08\/Contact-Cabinet-EC-BE.jpg\" \/>\n\t<meta property=\"og:image:width\" content=\"929\" \/>\n\t<meta property=\"og:image:height\" content=\"622\" \/>\n\t<meta property=\"og:image:type\" content=\"image\/jpeg\" \/>\n<meta name=\"twitter:card\" content=\"summary_large_image\" \/>\n<meta name=\"twitter:label1\" content=\"Dur\u00e9e de lecture estim\u00e9e\" \/>\n\t<meta name=\"twitter:data1\" content=\"3 minutes\" \/>\n<script type=\"application\/ld+json\" class=\"yoast-schema-graph\">{\"@context\":\"https:\/\/schema.org\",\"@graph\":[{\"@type\":\"WebPage\",\"@id\":\"https:\/\/ec-be.fr\/?page_id=2092\",\"url\":\"https:\/\/ec-be.fr\/?page_id=2092\",\"name\":\"le cabinet - Cabinet ec-be\",\"isPartOf\":{\"@id\":\"https:\/\/ec-be.fr\/#website\"},\"primaryImageOfPage\":{\"@id\":\"https:\/\/ec-be.fr\/?page_id=2092#primaryimage\"},\"image\":{\"@id\":\"https:\/\/ec-be.fr\/?page_id=2092#primaryimage\"},\"thumbnailUrl\":\"https:\/\/ec-be.fr\/wp-content\/uploads\/2023\/08\/Contact-Cabinet-EC-BE.jpg\",\"datePublished\":\"2023-10-24T12:14:58+00:00\",\"dateModified\":\"2024-09-10T13:43:35+00:00\",\"breadcrumb\":{\"@id\":\"https:\/\/ec-be.fr\/?page_id=2092#breadcrumb\"},\"inLanguage\":\"fr-FR\",\"potentialAction\":[{\"@type\":\"ReadAction\",\"target\":[\"https:\/\/ec-be.fr\/?page_id=2092\"]}]},{\"@type\":\"ImageObject\",\"inLanguage\":\"fr-FR\",\"@id\":\"https:\/\/ec-be.fr\/?page_id=2092#primaryimage\",\"url\":\"https:\/\/ec-be.fr\/wp-content\/uploads\/2023\/08\/Contact-Cabinet-EC-BE.jpg\",\"contentUrl\":\"https:\/\/ec-be.fr\/wp-content\/uploads\/2023\/08\/Contact-Cabinet-EC-BE.jpg\",\"width\":929,\"height\":622,\"caption\":\"Drawing and various tools\"},{\"@type\":\"BreadcrumbList\",\"@id\":\"https:\/\/ec-be.fr\/?page_id=2092#breadcrumb\",\"itemListElement\":[{\"@type\":\"ListItem\",\"position\":1,\"name\":\"Accueil\",\"item\":\"https:\/\/ec-be.fr\/\"},{\"@type\":\"ListItem\",\"position\":2,\"name\":\"le cabinet\"}]},{\"@type\":\"WebSite\",\"@id\":\"https:\/\/ec-be.fr\/#website\",\"url\":\"https:\/\/ec-be.fr\/\",\"name\":\"Cabinet ec-be\",\"description\":\"\",\"potentialAction\":[{\"@type\":\"SearchAction\",\"target\":{\"@type\":\"EntryPoint\",\"urlTemplate\":\"https:\/\/ec-be.fr\/?s={search_term_string}\"},\"query-input\":{\"@type\":\"PropertyValueSpecification\",\"valueRequired\":true,\"valueName\":\"search_term_string\"}}],\"inLanguage\":\"fr-FR\"}]}<\/script>\n<!-- \/ Yoast SEO plugin. -->","yoast_head_json":{"title":"le cabinet - Cabinet ec-be","robots":{"index":"index","follow":"follow","max-snippet":"max-snippet:-1","max-image-preview":"max-image-preview:large","max-video-preview":"max-video-preview:-1"},"canonical":"https:\/\/ec-be.fr\/?page_id=2092","og_locale":"fr_FR","og_type":"article","og_title":"le cabinet - Cabinet ec-be","og_description":"[vc_row][vc_column][vc_text_separator title=\u00a0\u00bbAssoci\u00e9s\u00a0\u00bb][\/vc_column][\/vc_row][vc_row][vc_column width=\u00a0\u00bb1\/4&Prime;][\/vc_column][vc_column width=\u00a0\u00bb1\/4&Prime;][vc_single_image image=\u00a0\u00bb2039&Prime; img_size=\u00a0\u00bblarge\u00a0\u00bb][vc_column_text] Matthieu THOMAS Pr\u00e9sident \u2013 Directeur Associ\u00e9[\/vc_column_text][\/vc_column][vc_column width=\u00a0\u00bb1\/4&Prime;][vc_single_image image=\u00a0\u00bb2041&Prime; img_size=\u00a0\u00bblarge\u00a0\u00bb alignment=\u00a0\u00bbcenter\u00a0\u00bb][vc_column_text] Patrick THOMAS Directeur Associ\u00e9[\/vc_column_text][\/vc_column][vc_column width=\u00a0\u00bb1\/4&Prime;][\/vc_column][\/vc_row][vc_row][vc_column][vc_text_separator title=\u00a0\u00bbEx\u00e9cution\u00a0\u00bb][\/vc_column][\/vc_row][vc_row][vc_column width=\u00a0\u00bb1\/4&Prime;][vc_single_image image=\u00a0\u00bb2043&Prime; img_size=\u00a0\u00bblarge\u00a0\u00bb][vc_column_text] Philippe LEGER Charg\u00e9 d\u2019op\u00e9ration MOE[\/vc_column_text][\/vc_column][vc_column width=\u00a0\u00bb1\/4&Prime;][vc_single_image image=\u00a0\u00bb2045&Prime; img_size=\u00a0\u00bbLarge\u00a0\u00bb][vc_column_text] Robin MAURESA Charg\u00e9 d\u2019op\u00e9ration MOE[\/vc_column_text][\/vc_column][vc_column width=\u00a0\u00bb1\/4&Prime;][vc_single_image image=\u00a0\u00bb2029&Prime; img_size=\u00a0\u00bbLarge\u00a0\u00bb][vc_column_text] Yan FRANKEN Charg\u00e9 d\u2019op\u00e9ration MOE[\/vc_column_text][\/vc_column][vc_column width=\u00a0\u00bb1\/4&Prime;][vc_single_image image=\u00a0\u00bb1843&Prime; img_size=\u00a0\u00bblarge\u00a0\u00bb][vc_column_text] Cl\u00e9ment LE GOFF Pilote OPC Apprenti[\/vc_column_text][\/vc_column][\/vc_row][vc_row][vc_column][vc_text_separator...","og_url":"https:\/\/ec-be.fr\/?page_id=2092","og_site_name":"Cabinet ec-be","article_modified_time":"2024-09-10T13:43:35+00:00","og_image":[{"width":929,"height":622,"url":"https:\/\/ec-be.fr\/wp-content\/uploads\/2023\/08\/Contact-Cabinet-EC-BE.jpg","type":"image\/jpeg"}],"twitter_card":"summary_large_image","twitter_misc":{"Dur\u00e9e de lecture estim\u00e9e":"3 minutes"},"schema":{"@context":"https:\/\/schema.org","@graph":[{"@type":"WebPage","@id":"https:\/\/ec-be.fr\/?page_id=2092","url":"https:\/\/ec-be.fr\/?page_id=2092","name":"le cabinet - Cabinet ec-be","isPartOf":{"@id":"https:\/\/ec-be.fr\/#website"},"primaryImageOfPage":{"@id":"https:\/\/ec-be.fr\/?page_id=2092#primaryimage"},"image":{"@id":"https:\/\/ec-be.fr\/?page_id=2092#primaryimage"},"thumbnailUrl":"https:\/\/ec-be.fr\/wp-content\/uploads\/2023\/08\/Contact-Cabinet-EC-BE.jpg","datePublished":"2023-10-24T12:14:58+00:00","dateModified":"2024-09-10T13:43:35+00:00","breadcrumb":{"@id":"https:\/\/ec-be.fr\/?page_id=2092#breadcrumb"},"inLanguage":"fr-FR","potentialAction":[{"@type":"ReadAction","target":["https:\/\/ec-be.fr\/?page_id=2092"]}]},{"@type":"ImageObject","inLanguage":"fr-FR","@id":"https:\/\/ec-be.fr\/?page_id=2092#primaryimage","url":"https:\/\/ec-be.fr\/wp-content\/uploads\/2023\/08\/Contact-Cabinet-EC-BE.jpg","contentUrl":"https:\/\/ec-be.fr\/wp-content\/uploads\/2023\/08\/Contact-Cabinet-EC-BE.jpg","width":929,"height":622,"caption":"Drawing and various tools"},{"@type":"BreadcrumbList","@id":"https:\/\/ec-be.fr\/?page_id=2092#breadcrumb","itemListElement":[{"@type":"ListItem","position":1,"name":"Accueil","item":"https:\/\/ec-be.fr\/"},{"@type":"ListItem","position":2,"name":"le cabinet"}]},{"@type":"WebSite","@id":"https:\/\/ec-be.fr\/#website","url":"https:\/\/ec-be.fr\/","name":"Cabinet ec-be","description":"","potentialAction":[{"@type":"SearchAction","target":{"@type":"EntryPoint","urlTemplate":"https:\/\/ec-be.fr\/?s={search_term_string}"},"query-input":{"@type":"PropertyValueSpecification","valueRequired":true,"valueName":"search_term_string"}}],"inLanguage":"fr-FR"}]}},"_links":{"self":[{"href":"https:\/\/ec-be.fr\/index.php?rest_route=\/wp\/v2\/pages\/2092","targetHints":{"allow":["GET"]}}],"collection":[{"href":"https:\/\/ec-be.fr\/index.php?rest_route=\/wp\/v2\/pages"}],"about":[{"href":"https:\/\/ec-be.fr\/index.php?rest_route=\/wp\/v2\/types\/page"}],"author":[{"embeddable":true,"href":"https:\/\/ec-be.fr\/index.php?rest_route=\/wp\/v2\/users\/1"}],"replies":[{"embeddable":true,"href":"https:\/\/ec-be.fr\/index.php?rest_route=%2Fwp%2Fv2%2Fcomments&post=2092"}],"version-history":[{"count":24,"href":"https:\/\/ec-be.fr\/index.php?rest_route=\/wp\/v2\/pages\/2092\/revisions"}],"predecessor-version":[{"id":2355,"href":"https:\/\/ec-be.fr\/index.php?rest_route=\/wp\/v2\/pages\/2092\/revisions\/2355"}],"wp:featuredmedia":[{"embeddable":true,"href":"https:\/\/ec-be.fr\/index.php?rest_route=\/wp\/v2\/media\/1920"}],"wp:attachment":[{"href":"https:\/\/ec-be.fr\/index.php?rest_route=%2Fwp%2Fv2%2Fmedia&parent=2092"}],"curies":[{"name":"wp","href":"https:\/\/api.w.org\/{rel}","templated":true}]}}